{"id":824,"date":"2023-03-07T22:11:20","date_gmt":"2023-03-07T22:11:20","guid":{"rendered":"https:\/\/lab.research.sickkids.ca\/youn\/?page_id=824"},"modified":"2026-03-22T01:51:59","modified_gmt":"2026-03-22T01:51:59","slug":"publications","status":"publish","type":"page","link":"https:\/\/lab.research.sickkids.ca\/youn\/publications\/","title":{"rendered":"Publications"},"content":{"rendered":"<p><div class=\"fusion-fullwidth fullwidth-box fusion-builder-row-1 fusion-flex-container has-pattern-background has-mask-background nonhundred-percent-fullwidth non-hundred-percent-height-scrolling\" style=\"--awb-border-radius-top-left:0px;--awb-border-radius-top-right:0px;--awb-border-radius-bottom-right:0px;--awb-border-radius-bottom-left:0px;--awb-flex-wrap:wrap;\" ><div class=\"fusion-builder-row fusion-row fusion-flex-align-items-flex-start fusion-flex-content-wrap\" style=\"max-width:1248px;margin-left: calc(-4% \/ 2 );margin-right: calc(-4% \/ 2 );\"><div class=\"fusion-layout-column fusion_builder_column fusion-builder-column-0 fusion_builder_column_1_1 1_1 fusion-flex-column\" style=\"--awb-bg-size:cover;--awb-width-large:100%;--awb-margin-top-large:0px;--awb-spacing-right-large:1.92%;--awb-margin-bottom-large:20px;--awb-spacing-left-large:1.92%;--awb-width-medium:100%;--awb-order-medium:0;--awb-spacing-right-medium:1.92%;--awb-spacing-left-medium:1.92%;--awb-width-small:100%;--awb-order-small:0;--awb-spacing-right-small:1.92%;--awb-spacing-left-small:1.92%;\"><div class=\"fusion-column-wrapper fusion-column-has-shadow fusion-flex-justify-content-flex-start fusion-content-layout-column\"><div class=\"fusion-text fusion-text-1\"><p style=\"text-align: left\">Dr. Youn and the Youn lab have contributed to numerous publications over the years. Here you can view the Youn Lab\u2019s most notable publications listed chronologically by year. You can also visit Dr. Ji-Young\u2019s Google Scholar page for a complete list of publications.<\/p>\n<\/div><div ><a class=\"fusion-button button-flat fusion-button-default-size button-default fusion-button-default button-1 fusion-button-default-span fusion-button-default-type\" style=\"--button_font_size:16px;\" target=\"_self\" href=\"https:\/\/scholar.google.ca\/citations?hl=en&amp;user=8Qivd48AAAAJ&amp;view_op=list_works&amp;sortby=pubdate\"><span class=\"fusion-button-text awb-button__text awb-button__text--default\">Visit Dr. Youn&#8217;s Google Scholar page for a complete list of publications<\/span><\/a><\/div><\/div><\/div><\/div><\/div><div class=\"fusion-fullwidth fullwidth-box fusion-builder-row-2 fusion-flex-container has-pattern-background has-mask-background nonhundred-percent-fullwidth non-hundred-percent-height-scrolling\" style=\"--awb-border-radius-top-left:0px;--awb-border-radius-top-right:0px;--awb-border-radius-bottom-right:0px;--awb-border-radius-bottom-left:0px;--awb-flex-wrap:wrap;\" ><div class=\"fusion-builder-row fusion-row fusion-flex-align-items-flex-start fusion-flex-content-wrap\" style=\"max-width:1248px;margin-left: calc(-4% \/ 2 );margin-right: calc(-4% \/ 2 );\"><div class=\"fusion-layout-column fusion_builder_column fusion-builder-column-1 fusion_builder_column_1_1 1_1 fusion-flex-column\" style=\"--awb-bg-size:cover;--awb-width-large:100%;--awb-margin-top-large:24px;--awb-spacing-right-large:1.92%;--awb-margin-bottom-large:20px;--awb-spacing-left-large:1.92%;--awb-width-medium:100%;--awb-order-medium:0;--awb-spacing-right-medium:1.92%;--awb-spacing-left-medium:1.92%;--awb-width-small:100%;--awb-order-small:0;--awb-spacing-right-small:1.92%;--awb-spacing-left-small:1.92%;\"><div class=\"fusion-column-wrapper fusion-column-has-shadow fusion-flex-justify-content-flex-start fusion-content-layout-column\"><div class=\"fusion-title title fusion-title-1 fusion-sep-none fusion-title-text fusion-title-size-two\"><h2 class=\"fusion-title-heading title-heading-left fusion-responsive-typography-calculated\" style=\"margin:0;--fontSize:36;line-height:1.3;\">Latest Publications<\/h2><\/div><div class=\"fusion-title title fusion-title-2 fusion-sep-none fusion-title-text fusion-title-size-three\"><h3 class=\"fusion-title-heading title-heading-left fusion-responsive-typography-calculated\" style=\"margin:0;--fontSize:24;--minFontSize:24;line-height:1.4;\"><strong>2026<\/strong><\/h3><\/div><div class=\"fusion-text fusion-text-2\" style=\"--awb-line-height:1.5;--awb-margin-left:32px;\"><p><a href=\"https:\/\/www.biorxiv.org\/content\/10.64898\/2026.02.24.707808v1.abstract\"><span data-ccp-props=\"{\">PRRC2A, PRRC2B and PRRC2C are Stress Granule Proteins that Promote Translation Through Association with the eIF3 complex.<\/span><\/a><\/p>\n<p>Jie Qi Huang, Eileigh Kadijk, Karl J. Schreiber, Zi Hao Liu, Rachel W. Chiang, Zhixin Zhang, Kevin Guttman, Tian Hao Huang, Sylvia M.T. Almeida, Olena Zhulyn, Alan Moses, Julie D. Forman-Kay, John L. Rubinstein, Ji-Young Youn<\/p>\n<p><span data-contrast=\"auto\">bioRxiv (2026). DOI: <a href=\"https:\/\/doi.org\/10.64898\/2026.02.24.707808\">https:\/\/doi.org\/10.64898\/2026.02.24.707808<\/a> <\/span><span data-contrast=\"auto\">(Preprint)<\/span><span data-ccp-props=\"{\">\u00a0<\/span><\/p>\n<\/div><div class=\"fusion-title title fusion-title-3 fusion-sep-none fusion-title-text fusion-title-size-three\"><h3 class=\"fusion-title-heading title-heading-left fusion-responsive-typography-calculated\" style=\"margin:0;--fontSize:24;--minFontSize:24;line-height:1.4;\"><strong>2025<\/strong><\/h3><\/div><div class=\"fusion-text fusion-text-3\" style=\"--awb-line-height:1.5;--awb-margin-left:32px;\"><p><a href=\"https:\/\/www.biorxiv.org\/content\/10.1101\/2025.02.04.636058.abstract\"><span data-contrast=\"none\">Dynamic Proximal Interactomics and Chemical Genetic Screening Reveal CCR4-NOT Sequestration in Stress Granules as a Mechanism for Transcript Stabilization<\/span><\/a><span data-ccp-props=\"{\">\u00a0<\/span><\/p>\n<p><span data-contrast=\"auto\">Yi-Cheng Tsai, Hiroyuki Uechi, Sean R Millar, Eileigh <\/span><span data-contrast=\"auto\">Kadijk<\/span><span data-contrast=\"auto\">, Karl J Schreiber, Alon <\/span><span data-contrast=\"auto\">Minkovich<\/span><span data-contrast=\"auto\">, Jie Qi Huang, Vesal <\/span><span data-contrast=\"auto\">Kasmaeifar<\/span><span data-contrast=\"auto\">, Zhixin Zhang, Rico <\/span><span data-contrast=\"auto\">Barsacchi<\/span><span data-contrast=\"auto\">, <\/span><span data-contrast=\"auto\">Claudia<\/span><span data-contrast=\"auto\"> M\u00f6bius, Antje <\/span><span data-contrast=\"auto\">Janosch<\/span><span data-contrast=\"auto\">, Jonathan C Savage, Hannes <\/span><span data-contrast=\"auto\">R\u00f6st<\/span><span data-contrast=\"auto\">, Anthony A Hyman, Ji-Young Youn<\/span><span data-ccp-props=\"{\">\u00a0<\/span><\/p>\n<p><span data-contrast=\"auto\">bioRxiv (2025). DOI: <\/span><a href=\"https:\/\/doi.org\/10.1101\/2025.02.04.636058\"><span data-contrast=\"none\">https:\/\/doi.org\/10.1101\/2025.02.04.636058<\/span><\/a><span data-contrast=\"auto\"> (Preprint)<\/span><span data-ccp-props=\"{\">\u00a0<\/span><\/p>\n<\/div><div class=\"fusion-title title fusion-title-4 fusion-sep-none fusion-title-text fusion-title-size-three\"><h3 class=\"fusion-title-heading title-heading-left fusion-responsive-typography-calculated\" style=\"margin:0;--fontSize:24;--minFontSize:24;line-height:1.4;\"><strong>2024<\/strong><\/h3><\/div><div class=\"fusion-text fusion-text-4\" style=\"--awb-line-height:1.5;--awb-margin-left:32px;\"><p><!--StartFragment --><a href=\"https:\/\/pubs.acs.org\/doi\/10.1021\/acs.jproteome.3c00908\"><span class=\"cf0\">Exploring options for proximity-dependent biotinylation experiments: Comparative analysis of labeling enzymes and affinity purification resins.<\/span><\/a><\/p>\n<p><span class=\"hlFld-ContribAuthor\" data-id=\"article_author_info\">Karl J. Schreiber, <\/span><span class=\"hlFld-ContribAuthor\" data-id=\"article_author_info\">Eileigh Kadijk, <\/span><span class=\"hlFld-ContribAuthor\" data-id=\"article_author_info\">Ji-Young Youn<\/span><\/p>\n<p><span class=\"cf0\">Journal of Proteome Research. 2024 Apr 5; 23(4): 1531-1543. DOI: <a href=\"https:\/\/doi.org\/10.1021\/acs.jproteome.3c00908\">https:\/\/doi.org\/10.1021\/acs.jproteome.3c00908<\/a><\/span><!--EndFragment --><\/p>\n<\/div><div class=\"fusion-title title fusion-title-5 fusion-sep-none fusion-title-text fusion-title-size-three\"><h3 class=\"fusion-title-heading title-heading-left fusion-responsive-typography-calculated\" style=\"margin:0;--fontSize:24;--minFontSize:24;line-height:1.4;\"><strong>2023<\/strong><\/h3><\/div><div class=\"fusion-text fusion-text-5\" style=\"--awb-line-height:1.5;--awb-margin-left:32px;\"><p><a href=\"https:\/\/pubmed.ncbi.nlm.nih.gov\/36662637\/\">A New Phase of Networking: The Molecular Composition and Regulatory Dynamics of Mammalian Stress Granules<\/a><\/p>\n<p>Sean R Millar, Jie Qi Huang, Karl J Schreiber, Yi-Cheng Tsai, Jiyun Won, Jianping Zhang, Alan M Moses, Ji-Young Youn<\/p>\n<p>Chemical Reviews (2023) 123(14):9036-9064. DOI: 10.1021\/acs.chemrev.2c00608. PMID: 36662637<\/p>\n<\/div><div class=\"fusion-title title fusion-title-6 fusion-sep-none fusion-title-text fusion-title-size-three\"><h3 class=\"fusion-title-heading title-heading-left fusion-responsive-typography-calculated\" style=\"margin:0;--fontSize:24;--minFontSize:24;line-height:1.4;\"><strong>2019<\/strong><\/h3><\/div><div class=\"fusion-text fusion-text-6\" style=\"--awb-line-height:1.5;--awb-margin-left:32px;\"><p><a href=\"https:\/\/pubmed.ncbi.nlm.nih.gov\/31626750\/\">Properties of stress granule and P-body proteomes <\/a><\/p>\n<p>Ji-Young Youn, Boris JA Dyakov, Jianping Zhang, James DR Knight, Robert M Vernon, Julie D Forman-Kay, Anne-Claude Gingras<\/p>\n<p>Molecular Cell (2019) 76(2):286-294. DOI: 10.1016\/j.molcel.2019.09.014. PMID:31626750<\/p>\n<\/div><div class=\"fusion-title title fusion-title-7 fusion-sep-none fusion-title-text fusion-title-size-three\"><h3 class=\"fusion-title-heading title-heading-left fusion-responsive-typography-calculated\" style=\"margin:0;--fontSize:24;--minFontSize:24;line-height:1.4;\"><strong>2018<\/strong><\/h3><\/div><div class=\"fusion-text fusion-text-7\" style=\"--awb-line-height:1.5;--awb-margin-left:32px;\"><p><a href=\"https:\/\/pubmed.ncbi.nlm.nih.gov\/29395067\/\">High-Density Proximity Mapping Reveals the Subcellular Organization of mRNA-Associated Granules and Bodies <\/a><\/p>\n<p>Ji-Young Youn, Wade H Dunham, Seo Jung Hong, James DR Knight, Mikhail Bashkurov, Ginny I Chen, Halil Bagci, Bhavisha Rathod, Graham MacLeod, Simon WM Eng, St\u00e9phane Angers, Quaid Morris, Marc Fabian, Jean-Fran\u00e7ois C\u00f4t\u00e9, Anne-Claude Gingras<\/p>\n<p>Molecular Cell (2018) 69(3):517-532.e11. DOI: 10.1016\/j.molcel.2017.12.020. <a href=\"https:\/\/pubmed.ncbi.nlm.nih.gov\/29395067\/\">PMID: 29395067 <\/a><\/p>\n<\/div><\/div><\/div><\/div><\/div><\/p>\n","protected":false},"excerpt":{"rendered":"","protected":false},"author":363,"featured_media":0,"parent":0,"menu_order":0,"comment_status":"closed","ping_status":"closed","template":"100-width.php","meta":{"footnotes":""},"class_list":["post-824","page","type-page","status-publish","hentry"],"yoast_head":"<!-- This site is optimized with the Yoast SEO Premium plugin v27.0 (Yoast SEO v27.0) - https:\/\/yoast.com\/product\/yoast-seo-premium-wordpress\/ -->\n<title>Publications - Youn Lab<\/title>\n<meta name=\"robots\" content=\"index, follow, max-snippet:-1, max-image-preview:large, max-video-preview:-1\" \/>\n<link rel=\"canonical\" href=\"https:\/\/lab.research.sickkids.ca\/youn\/publications\/\" \/>\n<meta property=\"og:locale\" content=\"en_US\" \/>\n<meta property=\"og:type\" content=\"article\" \/>\n<meta property=\"og:title\" content=\"Publications\" \/>\n<meta property=\"og:url\" content=\"https:\/\/lab.research.sickkids.ca\/youn\/publications\/\" \/>\n<meta property=\"og:site_name\" content=\"Youn Lab\" \/>\n<meta property=\"article:modified_time\" content=\"2026-03-22T01:51:59+00:00\" \/>\n<meta name=\"twitter:card\" content=\"summary_large_image\" \/>\n<meta name=\"twitter:label1\" content=\"Est. reading time\" \/>\n\t<meta name=\"twitter:data1\" content=\"2 minutes\" \/>\n<script type=\"application\/ld+json\" class=\"yoast-schema-graph\">{\"@context\":\"https:\/\/schema.org\",\"@graph\":[{\"@type\":\"WebPage\",\"@id\":\"https:\/\/lab.research.sickkids.ca\/youn\/publications\/\",\"url\":\"https:\/\/lab.research.sickkids.ca\/youn\/publications\/\",\"name\":\"Publications - Youn Lab\",\"isPartOf\":{\"@id\":\"https:\/\/lab.research.sickkids.ca\/youn\/#website\"},\"datePublished\":\"2023-03-07T22:11:20+00:00\",\"dateModified\":\"2026-03-22T01:51:59+00:00\",\"breadcrumb\":{\"@id\":\"https:\/\/lab.research.sickkids.ca\/youn\/publications\/#breadcrumb\"},\"inLanguage\":\"en-US\",\"potentialAction\":[{\"@type\":\"ReadAction\",\"target\":[\"https:\/\/lab.research.sickkids.ca\/youn\/publications\/\"]}]},{\"@type\":\"BreadcrumbList\",\"@id\":\"https:\/\/lab.research.sickkids.ca\/youn\/publications\/#breadcrumb\",\"itemListElement\":[{\"@type\":\"ListItem\",\"position\":1,\"name\":\"Home\",\"item\":\"https:\/\/lab.research.sickkids.ca\/youn\/\"},{\"@type\":\"ListItem\",\"position\":2,\"name\":\"Publications\"}]},{\"@type\":\"WebSite\",\"@id\":\"https:\/\/lab.research.sickkids.ca\/youn\/#website\",\"url\":\"https:\/\/lab.research.sickkids.ca\/youn\/\",\"name\":\"Youn Lab\",\"description\":\"\",\"potentialAction\":[{\"@type\":\"SearchAction\",\"target\":{\"@type\":\"EntryPoint\",\"urlTemplate\":\"https:\/\/lab.research.sickkids.ca\/youn\/?s={search_term_string}\"},\"query-input\":{\"@type\":\"PropertyValueSpecification\",\"valueRequired\":true,\"valueName\":\"search_term_string\"}}],\"inLanguage\":\"en-US\"}]}<\/script>\n<!-- \/ Yoast SEO Premium plugin. -->","yoast_head_json":{"title":"Publications - Youn Lab","robots":{"index":"index","follow":"follow","max-snippet":"max-snippet:-1","max-image-preview":"max-image-preview:large","max-video-preview":"max-video-preview:-1"},"canonical":"https:\/\/lab.research.sickkids.ca\/youn\/publications\/","og_locale":"en_US","og_type":"article","og_title":"Publications","og_url":"https:\/\/lab.research.sickkids.ca\/youn\/publications\/","og_site_name":"Youn Lab","article_modified_time":"2026-03-22T01:51:59+00:00","twitter_card":"summary_large_image","twitter_misc":{"Est. reading time":"2 minutes"},"schema":{"@context":"https:\/\/schema.org","@graph":[{"@type":"WebPage","@id":"https:\/\/lab.research.sickkids.ca\/youn\/publications\/","url":"https:\/\/lab.research.sickkids.ca\/youn\/publications\/","name":"Publications - Youn Lab","isPartOf":{"@id":"https:\/\/lab.research.sickkids.ca\/youn\/#website"},"datePublished":"2023-03-07T22:11:20+00:00","dateModified":"2026-03-22T01:51:59+00:00","breadcrumb":{"@id":"https:\/\/lab.research.sickkids.ca\/youn\/publications\/#breadcrumb"},"inLanguage":"en-US","potentialAction":[{"@type":"ReadAction","target":["https:\/\/lab.research.sickkids.ca\/youn\/publications\/"]}]},{"@type":"BreadcrumbList","@id":"https:\/\/lab.research.sickkids.ca\/youn\/publications\/#breadcrumb","itemListElement":[{"@type":"ListItem","position":1,"name":"Home","item":"https:\/\/lab.research.sickkids.ca\/youn\/"},{"@type":"ListItem","position":2,"name":"Publications"}]},{"@type":"WebSite","@id":"https:\/\/lab.research.sickkids.ca\/youn\/#website","url":"https:\/\/lab.research.sickkids.ca\/youn\/","name":"Youn Lab","description":"","potentialAction":[{"@type":"SearchAction","target":{"@type":"EntryPoint","urlTemplate":"https:\/\/lab.research.sickkids.ca\/youn\/?s={search_term_string}"},"query-input":{"@type":"PropertyValueSpecification","valueRequired":true,"valueName":"search_term_string"}}],"inLanguage":"en-US"}]}},"_links":{"self":[{"href":"https:\/\/lab.research.sickkids.ca\/youn\/wp-json\/wp\/v2\/pages\/824","targetHints":{"allow":["GET"]}}],"collection":[{"href":"https:\/\/lab.research.sickkids.ca\/youn\/wp-json\/wp\/v2\/pages"}],"about":[{"href":"https:\/\/lab.research.sickkids.ca\/youn\/wp-json\/wp\/v2\/types\/page"}],"author":[{"embeddable":true,"href":"https:\/\/lab.research.sickkids.ca\/youn\/wp-json\/wp\/v2\/users\/363"}],"replies":[{"embeddable":true,"href":"https:\/\/lab.research.sickkids.ca\/youn\/wp-json\/wp\/v2\/comments?post=824"}],"version-history":[{"count":1,"href":"https:\/\/lab.research.sickkids.ca\/youn\/wp-json\/wp\/v2\/pages\/824\/revisions"}],"predecessor-version":[{"id":2212,"href":"https:\/\/lab.research.sickkids.ca\/youn\/wp-json\/wp\/v2\/pages\/824\/revisions\/2212"}],"wp:attachment":[{"href":"https:\/\/lab.research.sickkids.ca\/youn\/wp-json\/wp\/v2\/media?parent=824"}],"curies":[{"name":"wp","href":"https:\/\/api.w.org\/{rel}","templated":true}]}}