{"id":25,"date":"2018-10-17T16:18:18","date_gmt":"2018-10-17T16:18:18","guid":{"rendered":"https:\/\/lab.research.sickkids.ca\/ramaswamy\/?page_id=25"},"modified":"2019-03-07T16:40:11","modified_gmt":"2019-03-07T16:40:11","slug":"papers","status":"publish","type":"page","link":"https:\/\/lab.research.sickkids.ca\/ramaswamy\/papers\/","title":{"rendered":"papers"},"content":{"rendered":"<div class=\"wpb-content-wrapper\"><p>[vc_row type=&#8221;1&#8243; animation=&#8221;fadeIn&#8221; margin_top=&#8221;-50px&#8221; bg_repeat=&#8221;repeat&#8221; bg_cover=&#8221;true&#8221; bg_attachment=&#8221;true&#8221; min_height=&#8221;500px&#8221;][vc_column width=&#8221;1\/6&#8243; animation=&#8221;fadeIn&#8221;][\/vc_column][vc_column width=&#8221;2\/3&#8243;][vc_empty_space height=&#8221;100px&#8221;]<a href=\"https:\/\/www.ncbi.nlm.nih.gov\/pubmed\/?term=Ramaswamy%20V%5BAuthor%5D%20AND%20(%22neoplasms%22%5BMeSH%20Terms%5D%20OR%20%22neoplasms%22%5BAll%20Fields%5D%20OR%20%22oncology%22%5BAll%20Fields%5D)&amp;cmd=DetailsSearch\" class=\"btn-shortcode dt-btn-l dt-btn default-btn-color default-btn-hover-color default-btn-bg-color default-btn-bg-hover-color fadeIn animate-element animation-builder\" target=\"_blank\" id=\"dt-btn-1\" rel=\"noopener\"><span>Complete List of Publications in PubMed<\/span><\/a>[vc_empty_space][vc_row_inner][vc_column_inner][vc_column_text css_animation=&#8221;fadeIn&#8221;]<\/p>\n<h3>Selected Publications<\/h3>\n<p>[\/vc_column_text][\/vc_column_inner][\/vc_row_inner][vc_empty_space][vc_column_text css_animation=&#8221;fadeIn&#8221;]<\/p>\n<ul>\n<li><a href=\"https:\/\/www.ncbi.nlm.nih.gov\/pubmed\/?term=30019219\" target=\"_blank\" rel=\"noopener\">Heterogeneity within the PF-EPN-B ependymoma subgroup.<\/a><br \/>\n<span lang=\"EN-GB\">Cavalli FMG, H\u00fcbner JM, Sharma T, Luu B, Sill M, Zapotocky M, Mack SC, Witt H, Lin T, Shih DJH, Ho B, Santi M, Emery L, Hukin J, Dunham C, McLendon RE, Lipp ES, Gururangan S, Grossbach A, French P, Kros JM, van Veelen MC, Rao AAN, Giannini C, Leary S, Jung S, Faria CC, Mora J, Sch\u00fcller U, Alonso M, Chan JA, Klekner A, Chambless LB, Hwang EI, Massimino M, Eberhart CG, Karajannis MA, Lu B, Liau LM, Zollo M, Ferrucci V, Carlotti C, Tirapelli DPC, Tabori U, Bouffet E, Ryzhova M, Ellison DW, Merchant TE, Gilbert MR, Armstrong TS, Korshunov A, Pfister SM, Taylor MD, Aldape K, Pajtler KW, Kool M, Ramaswamy V. <\/span><br \/>\n<strong>Acta Neuropathologica<\/strong>. (2018)<br \/>\nImpact Factor: 15.7<\/li>\n<\/ul>\n<p>&nbsp;<\/p>\n<ul>\n<li><a href=\"https:\/\/www.ncbi.nlm.nih.gov\/pubmed\/?term=29930101\" target=\"_blank\" rel=\"noopener\">CD271+ cells are diagnostic and prognostic and exhibit elevated MAPK activity in SHH medulloblastoma.<\/a><br \/>\n<span lang=\"EN-GB\">Liang L, Morrison LC, Tatari N, Stromecki M, Fresnoza A, Porter CJ, Del Bigio MR, Hawkins C, Chan JA, Ryken TC, Taylor MD, Ramaswamy V*, Werbowetski-Ogilvie TE*.<\/span><br \/>\n<strong>Cancer Research<\/strong>. (2018) *co-senior and co-corresponding authors.<br \/>\nImpact Factor: 9.13<\/li>\n<\/ul>\n<p>&nbsp;<\/p>\n<ul>\n<li><a href=\"https:\/\/www.ncbi.nlm.nih.gov\/pubmed\/?term=28609654\" target=\"_blank\" rel=\"noopener\">Intertumoral Heterogeneity within Medulloblastoma Subgroups.<\/a><br \/>\nCavalli FMG, Remke M, Rampasek L, Peacock J, Shih DJH, Luu B, Garzia L, Torchia J, Nor C, Morrissy AS, Agnihotri S, Thompson YY, Kuzan-Fischer CM, Farooq H, Isaev K, Daniels C, Cho BK, Kim SK, Wang KC, Lee JY, Grajkowska WA, Perek-Polnik M, Vasiljevic A, Faure-Conter C, Jouvet A, Giannini C, Nageswara Rao AA, Li KKW, Ng HK, Eberhart CG, Pollack IF, Hamilton RL, Gillespie GY, Olson JM, Leary S, Weiss WA, Lach B, Chambless LB, Thompson RC, Cooper MK, Vibhakar R, Hauser P, van Veelen MC, Kros JM, French PJ, Ra YS, Kumabe T, L\u00f3pez-Aguilar E, Zitterbart K, Sterba J, Finocchiaro G, Massimino M, Van Meir EG, Osuka S, Shofuda T, Klekner A, Zollo M, Leonard JR, Rubin JB, Jabado N, Albrecht S, Mora J, Van Meter TE, Jung S, Moore AS, Hallahan AR, Chan JA, Tirapelli DPC, Carlotti CG, Fouladi M, Pimentel J, Faria CC, Saad AG, Massimi L, Liau LM, Wheeler H, Nakamura H, Elbabaa SK, Perezpe\u00f1a-Diazconti M, Chico Ponce de Le\u00f3n F, Robinson S, Zapotocky M, Lassaletta A, Huang A, Hawkins CE, Tabori U, Bouffet E, Bartels U, Dirks PB, Rutka JT, Bader GD, Reimand J, Goldenberg A*, Ramaswamy V*, Taylor MD*.<br \/>\n<strong>Cancer Cell<\/strong>. (2017) Jun 12;31(6):737-754. *co-senior and co-corresponding authors.<br \/>\nImpact Factor: 27.401.<\/li>\n<\/ul>\n<p>&nbsp;<\/p>\n<ul>\n<li><a href=\"https:\/\/www.ncbi.nlm.nih.gov\/pubmed\/27269943\" target=\"_blank\" rel=\"noopener\">Therapeutic impact of cytoreductive surgery and irradiation of posterior fossa ependymoma in the molecular era.<\/a><br \/>\nRamaswamy V, Hielscher T, Mack SC, Lassaletta A, Lin T, Pajtler KW, Jones DT, Luu B, Cavalli FM, Aldape K, Remke M, Mynarek M, Rutkowski S, Gururangan S, McLendon RE, Lipp ES, Dunham C, Hukin J, Eisenstat DD, Fulton D, van Landeghem FK, Santi M, van Veelen ML, Van Meir EG, Osuka S, Fan X, Muraszko KM, Tirapelli DP, Oba-Shinjo SM, Marie SK, Carlotti CG, Lee JY, Rao AA, Giannini C, Faria CC, Nunes S, Mora J, Hamilton RL, Hauser P, Jabado N, Petrecca K, Jung S, Massimi L, Zollo M, Cinalli G, Bogn\u00e1r L, Klekner A, Hortob\u00e1gyi T, Leary S, Ermoian RP, Olson JM, Leonard JR, Gardner C, Grajkowska WA, Chambless LB, Cain J, Eberhart CG, Ahsan S, Massimino M, Giangaspero F, Buttarelli FR, Packer RJ, Emery L, Yong WH, Soto H, Liau LM, Everson R, Grossbach A, Shalaby T, Grotzer M, Karajannis MA, Zagzag D, Wheeler H, von Hoff K, Alonso MM, Tu\u00f1on T, Sch\u00fcller U, Zitterbart K, Sterba J, Chan JA, Guzman M, Elbabaa SK, Colman H, Dhall G, Fisher PG, Fouladi M, Gajjar A, Goldman S, Hwang E, Kool M, Ladha H, Vera-Bolanos E, Wani K, Lieberman F, Mikkelsen T, Omuro AM, Pollack IF, Prados M, Robins HI, Soffietti R, Wu J, Metellus P, Tabori U, Bartels U, Bouffet E, Hawkins CE, Rutka JT, Dirks P, Pfister SM, Merchant TE, Gilbert MR, Armstrong TS, Korshunov A, Ellison DW, Taylor MD.<br \/>\n<strong>Journal of Clinical Oncology<\/strong>. 34:2468-77 (2016).<br \/>\nImpact Factor: 26.303<\/li>\n<\/ul>\n<p>&nbsp;<\/p>\n<ul>\n<li><a href=\"https:\/\/www.ncbi.nlm.nih.gov\/pubmed\/27040285\" target=\"_blank\" rel=\"noopener\">Risk stratification of childhood medulloblastoma in the molecular era: the current consensus.<\/a><br \/>\n<span lang=\"EN-GB\">Ramaswamy V*, Remke M*, Bouffet E, Bailey S, Clifford SC, Doz F, Kool M, Dufour C, Vassal G, Milde T, Witt O, von Hoff K, Pietsch T, Northcott PA, Gajjar A, Robinson GW, Padovani L, Andr\u00e9 N, Massimino M, Pizer B, Packer R, Rutkowski S, Pfister SM, Taylor MD, Pomeroy SL. <\/span><br \/>\n<strong>Acta Neuropathologica<\/strong><em>.<\/em>131:821-31. (2016) *co-authors and co-corresponding authors.<br \/>\nImpact Factor: 15.7<\/li>\n<\/ul>\n<p>&nbsp;<\/p>\n<ul>\n<li><a href=\"https:\/\/www.ncbi.nlm.nih.gov\/pubmed\/25605817\" target=\"_blank\" rel=\"noopener\">Medulloblastoma subgroup specific outcomes in radiated patients: Who are the true high-risk patients?<\/a><br \/>\nRamaswamy V*, Remke M, Adamski J, Bartels U, Tabori U, Wang X, Huang H, Hawkins C, Mabbott D, Laperriere N, Taylor MD, Bouffet E.<br \/>\n<strong>Neuro Oncology<\/strong>. 18:291-7 (2016) *corresponding author.<br \/>\nImpact Factor: 9.3<\/li>\n<\/ul>\n<p>&nbsp;<\/p>\n<ul>\n<li><a href=\"https:\/\/www.ncbi.nlm.nih.gov\/pubmed\/26976201\" target=\"_blank\" rel=\"noopener\">Prognostic value of medulloblastoma extent of resection after accounting for molecular subgroup: An intergrated clinical and molecular analysis.<\/a><br \/>\nThompson EM, Hielscher T, Bouffet E, Remke M, Luu B, Gururangan S, McLendon RE, Bigner DD, Lipp ES, Perreault S, Cho YJ, Grant G, Kim SK, Lee JY, Rao AAN, Giannini C, Li KKW, Ng HK, Yao Y, Kumabe T, Tominaga T, Grajkowska WA, Perek-Polnik M, Low DCY, Seow WT, Chang KTE, Mora J, Pollack IF, Hamilton RL, Leary S, Moore AS, Ingram WJ, Hallahan AR, Jouvet A, F\u00e8vre-Montange M, Vasiljevic A, Faure-Conter C, Shofuda T, Kagawa N, Hashimoto N, Jabado N, Weil AG, Gayden T, Wataya T, Shalaby T, Grotzer M, Zitterbart K, Sterba J, Kren L, Hortob\u00e1gyi T, Klekner A, L\u00e1szl\u00f3 B, P\u00f3cza T, Hauser P, Sch\u00fcller U, Jung S, Jang WY, French PJ, Kros JM, van Veelen MC, Massimi L, Leonard JR, Rubin JB, Vibhakar R, Chambless LB, Cooper MK, Thompson RC, Faria CC, Carvalho A, Nunes S, Pimentel J, Fan X, Muraszko KM, L\u00f3pez-Aguilar E, Lyden D, Garzia L, Shih DJH, Kijima N, Schneider C, Adamski J, Northcott PA, Kool M, Jones DTW, Chan JA, Nikolic A, Garre ML, Van Meir EG, Osuka S, Olson JJ, Jahangiri A, Castro BA, Gupta N, Weiss WA, Moxon-Emre I, Mabbott DJ, Lassaletta A, Hawkins CE, Tabori U, Drake J, Kulkarni A, Dirks P, Rutka JT, Korshunov A, Pfister SM, Packer RJ, Ramaswamy V, Taylor MD.<br \/>\n<strong>Lancet Oncology (<\/strong>2016) 17:484-495. *co-senior authors<br \/>\nImpact Factor: 36.418<\/li>\n<\/ul>\n<p>&nbsp;<\/p>\n<ul>\n<li><a href=\"https:\/\/www.ncbi.nlm.nih.gov\/pubmed\/24616042\" target=\"_blank\" rel=\"noopener\">Duration of the pre-diagnostic interval in medulloblastoma is subgroup dependent.<\/a><br \/>\nRamaswamy V, Remke M, Shih D, Wang X, Northcott PA, Faria CC, Raybaud C, Tabori U, Hawkins C, Rutka J, Taylor MD, Bouffet E.<br \/>\n<strong>Paediatric Blood Cancer<\/strong>. 61:1190-4 (2014).<br \/>\nImpact Factor: 2.386<\/li>\n<\/ul>\n<p>&nbsp;<\/p>\n<ul>\n<li><a href=\"https:\/\/www.ncbi.nlm.nih.gov\/pubmed\/24140199\" target=\"_blank\" rel=\"noopener\">Recurrence patterns across medulloblastoma subgroups: an integrated clinical and molecular analysis.<\/a><br \/>\nRamaswamy V, Remke M, Bouffet E, Faria CC, Perreault S, Cho YJ, Shih DJ, Luu B, Dubuc AM, Northcott PA, Sch\u00fcller U, Gururangan S, McLendon R, Bigner D, Fouladi M, Ligon KL, Pomeroy SL, Dunn S, Triscott J, Jabado N, Fontebasso A, Jones DT, Kool M, Karajannis MA, Gardner SL, Zagzag D, Nunes S, Pimentel J, Mora J, Lipp E, Walter AW, Ryzhova M, Zheludkova O, Kumirova E, Alshami J, Croul SE, Rutka JT, Hawkins C, Tabori U, Codispoti KE, Packer RJ, Pfister SM, Korshunov A, Taylor MD.<br \/>\n<strong>Lancet Oncology<\/strong> (2013) 14:1200-1207.<br \/>\nImpact Factor: 36.418<\/li>\n<\/ul>\n<p>[\/vc_column_text][\/vc_column][vc_column width=&#8221;1\/6&#8243;][\/vc_column][\/vc_row]<\/p>\n<\/div>","protected":false},"excerpt":{"rendered":"<p>[vc_row type=&#8221;1&#8243; animation=&#8221;fadeIn&#8221; margin_top=&#8221;-50px&#8221; bg_repeat=&#8221;repeat&#8221; bg_cover=&#8221;true&#8221; bg_attachment=&#8221;true&#8221; min_height=&#8221;500px&#8221;][vc_column width=&#8221;1\/6&#8243; animation=&#8221;fadeIn&#8221;][\/vc_column][vc_column width=&#8221;2\/3&#8243;][vc_empty_space height=&#8221;100px&#8221;][vc_empty_space][vc_row_inner][vc_column_inner][vc_column_text css_animation=&#8221;fadeIn&#8221;] Selected Publications [\/vc_column_text][\/vc_column_inner][\/vc_row_inner][vc_empty_space][vc_column_text css_animation=&#8221;fadeIn&#8221;] Heterogeneity within the PF-EPN-B ependymoma subgroup. Cavalli FMG, H\u00fcbner JM, Sharma T, Luu B, Sill M, Zapotocky M, Mack SC, Witt H, Lin T, Shih DJH, Ho B, Santi M, Emery L, Hukin J, Dunham C, McLendon RE,&hellip;<\/p>\n","protected":false},"author":2,"featured_media":0,"parent":0,"menu_order":0,"comment_status":"closed","ping_status":"closed","template":"","meta":{"footnotes":""},"class_list":["post-25","page","type-page","status-publish","hentry","description-off"],"yoast_head":"<!-- This site is optimized with the Yoast SEO Premium plugin v27.0 (Yoast SEO v27.0) - https:\/\/yoast.com\/product\/yoast-seo-premium-wordpress\/ -->\n<title>papers - Ramaswamy Lab<\/title>\n<meta name=\"robots\" content=\"index, follow, max-snippet:-1, max-image-preview:large, max-video-preview:-1\" \/>\n<link rel=\"canonical\" href=\"https:\/\/lab.research.sickkids.ca\/ramaswamy\/papers\/\" \/>\n<meta property=\"og:locale\" content=\"en_US\" \/>\n<meta property=\"og:type\" content=\"article\" \/>\n<meta property=\"og:title\" content=\"papers\" \/>\n<meta property=\"og:description\" content=\"[vc_row type=&#8221;1&#8243; animation=&#8221;fadeIn&#8221; margin_top=&#8221;-50px&#8221; bg_repeat=&#8221;repeat&#8221; bg_cover=&#8221;true&#8221; bg_attachment=&#8221;true&#8221; min_height=&#8221;500px&#8221;][vc_column width=&#8221;1\/6&#8243; animation=&#8221;fadeIn&#8221;][\/vc_column][vc_column width=&#8221;2\/3&#8243;][vc_empty_space height=&#8221;100px&#8221;][vc_empty_space][vc_row_inner][vc_column_inner][vc_column_text css_animation=&#8221;fadeIn&#8221;] Selected Publications [\/vc_column_text][\/vc_column_inner][\/vc_row_inner][vc_empty_space][vc_column_text css_animation=&#8221;fadeIn&#8221;] Heterogeneity within the PF-EPN-B ependymoma subgroup. Cavalli FMG, H\u00fcbner JM, Sharma T, Luu B, Sill M, Zapotocky M, Mack SC, Witt H, Lin T, Shih DJH, Ho B, Santi M, Emery L, Hukin J, Dunham C, McLendon RE,&hellip;\" \/>\n<meta property=\"og:url\" content=\"https:\/\/lab.research.sickkids.ca\/ramaswamy\/papers\/\" \/>\n<meta property=\"og:site_name\" content=\"Ramaswamy Lab\" \/>\n<meta property=\"article:modified_time\" content=\"2019-03-07T16:40:11+00:00\" \/>\n<meta name=\"twitter:card\" content=\"summary_large_image\" \/>\n<meta name=\"twitter:label1\" content=\"Est. reading time\" \/>\n\t<meta name=\"twitter:data1\" content=\"6 minutes\" \/>\n<script type=\"application\/ld+json\" class=\"yoast-schema-graph\">{\"@context\":\"https:\/\/schema.org\",\"@graph\":[{\"@type\":\"WebPage\",\"@id\":\"https:\/\/lab.research.sickkids.ca\/ramaswamy\/papers\/\",\"url\":\"https:\/\/lab.research.sickkids.ca\/ramaswamy\/papers\/\",\"name\":\"papers - Ramaswamy Lab\",\"isPartOf\":{\"@id\":\"https:\/\/lab.research.sickkids.ca\/ramaswamy\/#website\"},\"datePublished\":\"2018-10-17T16:18:18+00:00\",\"dateModified\":\"2019-03-07T16:40:11+00:00\",\"breadcrumb\":{\"@id\":\"https:\/\/lab.research.sickkids.ca\/ramaswamy\/papers\/#breadcrumb\"},\"inLanguage\":\"en-US\",\"potentialAction\":[{\"@type\":\"ReadAction\",\"target\":[\"https:\/\/lab.research.sickkids.ca\/ramaswamy\/papers\/\"]}]},{\"@type\":\"BreadcrumbList\",\"@id\":\"https:\/\/lab.research.sickkids.ca\/ramaswamy\/papers\/#breadcrumb\",\"itemListElement\":[{\"@type\":\"ListItem\",\"position\":1,\"name\":\"Home\",\"item\":\"https:\/\/lab.research.sickkids.ca\/ramaswamy\/\"},{\"@type\":\"ListItem\",\"position\":2,\"name\":\"papers\"}]},{\"@type\":\"WebSite\",\"@id\":\"https:\/\/lab.research.sickkids.ca\/ramaswamy\/#website\",\"url\":\"https:\/\/lab.research.sickkids.ca\/ramaswamy\/\",\"name\":\"Ramaswamy Lab\",\"description\":\"Translational and Molecular Neuro-Oncology Lab\",\"potentialAction\":[{\"@type\":\"SearchAction\",\"target\":{\"@type\":\"EntryPoint\",\"urlTemplate\":\"https:\/\/lab.research.sickkids.ca\/ramaswamy\/?s={search_term_string}\"},\"query-input\":{\"@type\":\"PropertyValueSpecification\",\"valueRequired\":true,\"valueName\":\"search_term_string\"}}],\"inLanguage\":\"en-US\"}]}<\/script>\n<!-- \/ Yoast SEO Premium plugin. -->","yoast_head_json":{"title":"papers - Ramaswamy Lab","robots":{"index":"index","follow":"follow","max-snippet":"max-snippet:-1","max-image-preview":"max-image-preview:large","max-video-preview":"max-video-preview:-1"},"canonical":"https:\/\/lab.research.sickkids.ca\/ramaswamy\/papers\/","og_locale":"en_US","og_type":"article","og_title":"papers","og_description":"[vc_row type=&#8221;1&#8243; animation=&#8221;fadeIn&#8221; margin_top=&#8221;-50px&#8221; bg_repeat=&#8221;repeat&#8221; bg_cover=&#8221;true&#8221; bg_attachment=&#8221;true&#8221; min_height=&#8221;500px&#8221;][vc_column width=&#8221;1\/6&#8243; animation=&#8221;fadeIn&#8221;][\/vc_column][vc_column width=&#8221;2\/3&#8243;][vc_empty_space height=&#8221;100px&#8221;][vc_empty_space][vc_row_inner][vc_column_inner][vc_column_text css_animation=&#8221;fadeIn&#8221;] Selected Publications [\/vc_column_text][\/vc_column_inner][\/vc_row_inner][vc_empty_space][vc_column_text css_animation=&#8221;fadeIn&#8221;] Heterogeneity within the PF-EPN-B ependymoma subgroup. Cavalli FMG, H\u00fcbner JM, Sharma T, Luu B, Sill M, Zapotocky M, Mack SC, Witt H, Lin T, Shih DJH, Ho B, Santi M, Emery L, Hukin J, Dunham C, McLendon RE,&hellip;","og_url":"https:\/\/lab.research.sickkids.ca\/ramaswamy\/papers\/","og_site_name":"Ramaswamy Lab","article_modified_time":"2019-03-07T16:40:11+00:00","twitter_card":"summary_large_image","twitter_misc":{"Est. reading time":"6 minutes"},"schema":{"@context":"https:\/\/schema.org","@graph":[{"@type":"WebPage","@id":"https:\/\/lab.research.sickkids.ca\/ramaswamy\/papers\/","url":"https:\/\/lab.research.sickkids.ca\/ramaswamy\/papers\/","name":"papers - Ramaswamy Lab","isPartOf":{"@id":"https:\/\/lab.research.sickkids.ca\/ramaswamy\/#website"},"datePublished":"2018-10-17T16:18:18+00:00","dateModified":"2019-03-07T16:40:11+00:00","breadcrumb":{"@id":"https:\/\/lab.research.sickkids.ca\/ramaswamy\/papers\/#breadcrumb"},"inLanguage":"en-US","potentialAction":[{"@type":"ReadAction","target":["https:\/\/lab.research.sickkids.ca\/ramaswamy\/papers\/"]}]},{"@type":"BreadcrumbList","@id":"https:\/\/lab.research.sickkids.ca\/ramaswamy\/papers\/#breadcrumb","itemListElement":[{"@type":"ListItem","position":1,"name":"Home","item":"https:\/\/lab.research.sickkids.ca\/ramaswamy\/"},{"@type":"ListItem","position":2,"name":"papers"}]},{"@type":"WebSite","@id":"https:\/\/lab.research.sickkids.ca\/ramaswamy\/#website","url":"https:\/\/lab.research.sickkids.ca\/ramaswamy\/","name":"Ramaswamy Lab","description":"Translational and Molecular Neuro-Oncology Lab","potentialAction":[{"@type":"SearchAction","target":{"@type":"EntryPoint","urlTemplate":"https:\/\/lab.research.sickkids.ca\/ramaswamy\/?s={search_term_string}"},"query-input":{"@type":"PropertyValueSpecification","valueRequired":true,"valueName":"search_term_string"}}],"inLanguage":"en-US"}]}},"_links":{"self":[{"href":"https:\/\/lab.research.sickkids.ca\/ramaswamy\/wp-json\/wp\/v2\/pages\/25","targetHints":{"allow":["GET"]}}],"collection":[{"href":"https:\/\/lab.research.sickkids.ca\/ramaswamy\/wp-json\/wp\/v2\/pages"}],"about":[{"href":"https:\/\/lab.research.sickkids.ca\/ramaswamy\/wp-json\/wp\/v2\/types\/page"}],"author":[{"embeddable":true,"href":"https:\/\/lab.research.sickkids.ca\/ramaswamy\/wp-json\/wp\/v2\/users\/2"}],"replies":[{"embeddable":true,"href":"https:\/\/lab.research.sickkids.ca\/ramaswamy\/wp-json\/wp\/v2\/comments?post=25"}],"version-history":[{"count":1,"href":"https:\/\/lab.research.sickkids.ca\/ramaswamy\/wp-json\/wp\/v2\/pages\/25\/revisions"}],"predecessor-version":[{"id":287,"href":"https:\/\/lab.research.sickkids.ca\/ramaswamy\/wp-json\/wp\/v2\/pages\/25\/revisions\/287"}],"wp:attachment":[{"href":"https:\/\/lab.research.sickkids.ca\/ramaswamy\/wp-json\/wp\/v2\/media?parent=25"}],"curies":[{"name":"wp","href":"https:\/\/api.w.org\/{rel}","templated":true}]}}