{"id":33,"date":"2017-07-19T15:54:36","date_gmt":"2017-07-19T15:54:36","guid":{"rendered":"https:\/\/lab.research.sickkids.ca\/qbict-fr\/?page_id=33"},"modified":"2019-06-26T19:27:05","modified_gmt":"2019-06-26T19:27:05","slug":"contactez-nous","status":"publish","type":"page","link":"https:\/\/lab.research.sickkids.ca\/qbict-fr\/contactez-nous\/","title":{"rendered":"Contactez-nous"},"content":{"rendered":"<div class=\"wpb-content-wrapper\"><p>[vc_row][vc_column width=&#8221;1\/3&#8243;][vc_column_text]<strong>Infirmi\u00e8res de recherche<\/strong><\/p>\n<p>Geraldine Goco<br \/>\nD\u00e9partement des Soins Intensifs et Program de Recherche en Neurosciences et Sant\u00e9 Mentale; SickKids<\/p>\n<p><strong>Chercheur responsable<\/strong><\/p>\n<p>Anne-Marie Guerguerian MD, PhD<br \/>\nD\u00e9partement des Soins Intensifs et Program de Recherche en Neurosciences et Sant\u00e9 Mentale, SickKids<\/p>\n<p><strong>\u00c9quipe de Recherche<\/strong><\/p>\n<p>Cellulaire direct: (647)-760-0286<\/p>\n<p>Courriel: <a href=\"mailto:qbi.cihr@sickkids.ca\">qbi.cihr@sickkids.ca<\/a>[\/vc_column_text][\/vc_column][vc_column width=&#8221;2\/3&#8243;]\n<div class=\"wpcf7 no-js\" id=\"wpcf7-f4-o1\" lang=\"en-US\" dir=\"ltr\" data-wpcf7-id=\"4\">\n<div class=\"screen-reader-response\"><p role=\"status\" aria-live=\"polite\" aria-atomic=\"true\"><\/p> <ul><\/ul><\/div>\n<form action=\"\/qbict-fr\/wp-json\/wp\/v2\/pages\/33#wpcf7-f4-o1\" method=\"post\" class=\"wpcf7-form init\" aria-label=\"Contact form\" novalidate=\"novalidate\" data-status=\"init\">\n<fieldset class=\"hidden-fields-container\"><input type=\"hidden\" name=\"_wpcf7\" value=\"4\" \/><input type=\"hidden\" name=\"_wpcf7_version\" value=\"6.1.5\" \/><input type=\"hidden\" name=\"_wpcf7_locale\" value=\"en_US\" \/><input type=\"hidden\" name=\"_wpcf7_unit_tag\" value=\"wpcf7-f4-o1\" \/><input type=\"hidden\" name=\"_wpcf7_container_post\" value=\"0\" \/><input type=\"hidden\" name=\"_wpcf7_posted_data_hash\" value=\"\" \/>\n<\/fieldset>\n<p><label> Votre Nom*<br \/>\n<span class=\"wpcf7-form-control-wrap\" data-name=\"your-name\"><input size=\"40\" maxlength=\"400\" class=\"wpcf7-form-control wpcf7-text wpcf7-validates-as-required\" aria-required=\"true\" aria-invalid=\"false\" value=\"\" type=\"text\" name=\"your-name\" \/><\/span> <\/label><br \/>\n<label> Votre Courriel*<br \/>\n<span class=\"wpcf7-form-control-wrap\" data-name=\"your-email\"><input size=\"40\" maxlength=\"400\" class=\"wpcf7-form-control wpcf7-email wpcf7-validates-as-required wpcf7-text wpcf7-validates-as-email\" aria-required=\"true\" aria-invalid=\"false\" value=\"\" type=\"email\" name=\"your-email\" \/><\/span> <\/label><br \/>\n<label> Votre Telephone*<br \/>\n<span class=\"wpcf7-form-control-wrap\" data-name=\"your-telephone\"><input size=\"40\" maxlength=\"400\" class=\"wpcf7-form-control wpcf7-tel wpcf7-validates-as-required wpcf7-text wpcf7-validates-as-tel\" aria-required=\"true\" aria-invalid=\"false\" value=\"\" type=\"tel\" name=\"your-telephone\" \/><\/span> <\/label><br \/>\n<label> Sujet<br \/>\n<span class=\"wpcf7-form-control-wrap\" data-name=\"your-subject\"><input size=\"40\" maxlength=\"400\" class=\"wpcf7-form-control wpcf7-text\" aria-invalid=\"false\" value=\"\" type=\"text\" name=\"your-subject\" \/><\/span> <\/label><br \/>\n<label> Votre Message<br \/>\n<span class=\"wpcf7-form-control-wrap\" data-name=\"your-message\"><textarea cols=\"40\" rows=\"10\" maxlength=\"2000\" class=\"wpcf7-form-control wpcf7-textarea\" aria-invalid=\"false\" name=\"your-message\"><\/textarea><\/span> <\/label><br \/>\n<input class=\"wpcf7-form-control wpcf7-submit has-spinner\" type=\"submit\" value=\"Soumettre\" \/>\n<\/p><div class=\"wpcf7-response-output\" aria-hidden=\"true\"><\/div>\n<\/form>\n<\/div>\n[\/vc_column][\/vc_row]<\/p>\n<\/div>","protected":false},"excerpt":{"rendered":"<p>[vc_row][vc_column width=&#8221;1\/3&#8243;][vc_column_text]Infirmi\u00e8res de recherche Geraldine Goco D\u00e9partement des Soins Intensifs et Program de Recherche en Neurosciences et Sant\u00e9 Mentale; SickKids Chercheur responsable Anne-Marie Guerguerian MD, PhD D\u00e9partement des Soins Intensifs et Program de Recherche en Neurosciences et Sant\u00e9 Mentale, SickKids \u00c9quipe de Recherche Cellulaire direct: (647)-760-0286 Courriel: qbi.cihr@sickkids.ca[\/vc_column_text][\/vc_column][vc_column width=&#8221;2\/3&#8243;][\/vc_column][\/vc_row]<\/p>\n","protected":false},"author":23,"featured_media":0,"parent":0,"menu_order":0,"comment_status":"closed","ping_status":"closed","template":"","meta":{"footnotes":""},"class_list":["post-33","page","type-page","status-publish","hentry","description-off"],"yoast_head":"<!-- This site is optimized with the Yoast SEO Premium plugin v27.0 (Yoast SEO v27.0) - https:\/\/yoast.com\/product\/yoast-seo-premium-wordpress\/ -->\n<title>Contactez-nous - Quantification des l\u00e9sions c\u00e9r\u00e9brales sur la tomodensitom\u00e9trie<\/title>\n<meta name=\"robots\" content=\"index, follow, max-snippet:-1, max-image-preview:large, max-video-preview:-1\" \/>\n<link rel=\"canonical\" href=\"https:\/\/lab.research.sickkids.ca\/qbict-fr\/contactez-nous\/\" \/>\n<meta property=\"og:locale\" content=\"en_US\" \/>\n<meta property=\"og:type\" content=\"article\" \/>\n<meta property=\"og:title\" content=\"Contactez-nous\" \/>\n<meta property=\"og:description\" content=\"[vc_row][vc_column width=&#8221;1\/3&#8243;][vc_column_text]Infirmi\u00e8res de recherche Geraldine Goco D\u00e9partement des Soins Intensifs et Program de Recherche en Neurosciences et Sant\u00e9 Mentale; SickKids Chercheur responsable Anne-Marie Guerguerian MD, PhD D\u00e9partement des Soins Intensifs et Program de Recherche en Neurosciences et Sant\u00e9 Mentale, SickKids \u00c9quipe de Recherche Cellulaire direct: (647)-760-0286 Courriel: qbi.cihr@sickkids.ca[\/vc_column_text][\/vc_column][vc_column width=&#8221;2\/3&#8243;][\/vc_column][\/vc_row]\" \/>\n<meta property=\"og:url\" content=\"https:\/\/lab.research.sickkids.ca\/qbict-fr\/contactez-nous\/\" \/>\n<meta property=\"og:site_name\" content=\"Quantification des l\u00e9sions c\u00e9r\u00e9brales sur la tomodensitom\u00e9trie\" \/>\n<meta property=\"article:modified_time\" content=\"2019-06-26T19:27:05+00:00\" \/>\n<meta name=\"twitter:card\" content=\"summary_large_image\" \/>\n<script type=\"application\/ld+json\" class=\"yoast-schema-graph\">{\"@context\":\"https:\/\/schema.org\",\"@graph\":[{\"@type\":\"WebPage\",\"@id\":\"https:\/\/lab.research.sickkids.ca\/qbict-fr\/contactez-nous\/\",\"url\":\"https:\/\/lab.research.sickkids.ca\/qbict-fr\/contactez-nous\/\",\"name\":\"Contactez-nous - Quantification des l\u00e9sions c\u00e9r\u00e9brales sur la tomodensitom\u00e9trie\",\"isPartOf\":{\"@id\":\"https:\/\/lab.research.sickkids.ca\/qbict-fr\/#website\"},\"datePublished\":\"2017-07-19T15:54:36+00:00\",\"dateModified\":\"2019-06-26T19:27:05+00:00\",\"breadcrumb\":{\"@id\":\"https:\/\/lab.research.sickkids.ca\/qbict-fr\/contactez-nous\/#breadcrumb\"},\"inLanguage\":\"en-US\",\"potentialAction\":[{\"@type\":\"ReadAction\",\"target\":[\"https:\/\/lab.research.sickkids.ca\/qbict-fr\/contactez-nous\/\"]}]},{\"@type\":\"BreadcrumbList\",\"@id\":\"https:\/\/lab.research.sickkids.ca\/qbict-fr\/contactez-nous\/#breadcrumb\",\"itemListElement\":[{\"@type\":\"ListItem\",\"position\":1,\"name\":\"Home\",\"item\":\"https:\/\/lab.research.sickkids.ca\/qbict-fr\/\"},{\"@type\":\"ListItem\",\"position\":2,\"name\":\"Contactez-nous\"}]},{\"@type\":\"WebSite\",\"@id\":\"https:\/\/lab.research.sickkids.ca\/qbict-fr\/#website\",\"url\":\"https:\/\/lab.research.sickkids.ca\/qbict-fr\/\",\"name\":\"Quantification des l\u00e9sions c\u00e9r\u00e9brales sur la tomodensitom\u00e9trie\",\"description\":\"\",\"potentialAction\":[{\"@type\":\"SearchAction\",\"target\":{\"@type\":\"EntryPoint\",\"urlTemplate\":\"https:\/\/lab.research.sickkids.ca\/qbict-fr\/?s={search_term_string}\"},\"query-input\":{\"@type\":\"PropertyValueSpecification\",\"valueRequired\":true,\"valueName\":\"search_term_string\"}}],\"inLanguage\":\"en-US\"}]}<\/script>\n<!-- \/ Yoast SEO Premium plugin. -->","yoast_head_json":{"title":"Contactez-nous - Quantification des l\u00e9sions c\u00e9r\u00e9brales sur la tomodensitom\u00e9trie","robots":{"index":"index","follow":"follow","max-snippet":"max-snippet:-1","max-image-preview":"max-image-preview:large","max-video-preview":"max-video-preview:-1"},"canonical":"https:\/\/lab.research.sickkids.ca\/qbict-fr\/contactez-nous\/","og_locale":"en_US","og_type":"article","og_title":"Contactez-nous","og_description":"[vc_row][vc_column width=&#8221;1\/3&#8243;][vc_column_text]Infirmi\u00e8res de recherche Geraldine Goco D\u00e9partement des Soins Intensifs et Program de Recherche en Neurosciences et Sant\u00e9 Mentale; SickKids Chercheur responsable Anne-Marie Guerguerian MD, PhD D\u00e9partement des Soins Intensifs et Program de Recherche en Neurosciences et Sant\u00e9 Mentale, SickKids \u00c9quipe de Recherche Cellulaire direct: (647)-760-0286 Courriel: qbi.cihr@sickkids.ca[\/vc_column_text][\/vc_column][vc_column width=&#8221;2\/3&#8243;][\/vc_column][\/vc_row]","og_url":"https:\/\/lab.research.sickkids.ca\/qbict-fr\/contactez-nous\/","og_site_name":"Quantification des l\u00e9sions c\u00e9r\u00e9brales sur la tomodensitom\u00e9trie","article_modified_time":"2019-06-26T19:27:05+00:00","twitter_card":"summary_large_image","schema":{"@context":"https:\/\/schema.org","@graph":[{"@type":"WebPage","@id":"https:\/\/lab.research.sickkids.ca\/qbict-fr\/contactez-nous\/","url":"https:\/\/lab.research.sickkids.ca\/qbict-fr\/contactez-nous\/","name":"Contactez-nous - Quantification des l\u00e9sions c\u00e9r\u00e9brales sur la tomodensitom\u00e9trie","isPartOf":{"@id":"https:\/\/lab.research.sickkids.ca\/qbict-fr\/#website"},"datePublished":"2017-07-19T15:54:36+00:00","dateModified":"2019-06-26T19:27:05+00:00","breadcrumb":{"@id":"https:\/\/lab.research.sickkids.ca\/qbict-fr\/contactez-nous\/#breadcrumb"},"inLanguage":"en-US","potentialAction":[{"@type":"ReadAction","target":["https:\/\/lab.research.sickkids.ca\/qbict-fr\/contactez-nous\/"]}]},{"@type":"BreadcrumbList","@id":"https:\/\/lab.research.sickkids.ca\/qbict-fr\/contactez-nous\/#breadcrumb","itemListElement":[{"@type":"ListItem","position":1,"name":"Home","item":"https:\/\/lab.research.sickkids.ca\/qbict-fr\/"},{"@type":"ListItem","position":2,"name":"Contactez-nous"}]},{"@type":"WebSite","@id":"https:\/\/lab.research.sickkids.ca\/qbict-fr\/#website","url":"https:\/\/lab.research.sickkids.ca\/qbict-fr\/","name":"Quantification des l\u00e9sions c\u00e9r\u00e9brales sur la tomodensitom\u00e9trie","description":"","potentialAction":[{"@type":"SearchAction","target":{"@type":"EntryPoint","urlTemplate":"https:\/\/lab.research.sickkids.ca\/qbict-fr\/?s={search_term_string}"},"query-input":{"@type":"PropertyValueSpecification","valueRequired":true,"valueName":"search_term_string"}}],"inLanguage":"en-US"}]}},"_links":{"self":[{"href":"https:\/\/lab.research.sickkids.ca\/qbict-fr\/wp-json\/wp\/v2\/pages\/33","targetHints":{"allow":["GET"]}}],"collection":[{"href":"https:\/\/lab.research.sickkids.ca\/qbict-fr\/wp-json\/wp\/v2\/pages"}],"about":[{"href":"https:\/\/lab.research.sickkids.ca\/qbict-fr\/wp-json\/wp\/v2\/types\/page"}],"author":[{"embeddable":true,"href":"https:\/\/lab.research.sickkids.ca\/qbict-fr\/wp-json\/wp\/v2\/users\/23"}],"replies":[{"embeddable":true,"href":"https:\/\/lab.research.sickkids.ca\/qbict-fr\/wp-json\/wp\/v2\/comments?post=33"}],"version-history":[{"count":3,"href":"https:\/\/lab.research.sickkids.ca\/qbict-fr\/wp-json\/wp\/v2\/pages\/33\/revisions"}],"predecessor-version":[{"id":75,"href":"https:\/\/lab.research.sickkids.ca\/qbict-fr\/wp-json\/wp\/v2\/pages\/33\/revisions\/75"}],"wp:attachment":[{"href":"https:\/\/lab.research.sickkids.ca\/qbict-fr\/wp-json\/wp\/v2\/media?parent=33"}],"curies":[{"name":"wp","href":"https:\/\/api.w.org\/{rel}","templated":true}]}}