{"id":26,"date":"2017-07-19T15:32:30","date_gmt":"2017-07-19T15:32:30","guid":{"rendered":"https:\/\/lab.research.sickkids.ca\/qbict-fr\/?page_id=26"},"modified":"2018-09-04T17:15:41","modified_gmt":"2018-09-04T17:15:41","slug":"partenaires","status":"publish","type":"page","link":"https:\/\/lab.research.sickkids.ca\/qbict-fr\/partenaires\/","title":{"rendered":"Partenaires"},"content":{"rendered":"<div class=\"wpb-content-wrapper\"><p>[vc_row anchor=&#8221;#!\/funding&#8221;][vc_column][vc_custom_heading text=&#8221;Financement&#8221; font_container=&#8221;tag:h1|text_align:center|color:%236babb9&#8243; use_theme_fonts=&#8221;yes&#8221;][vc_separator style=&#8221;shadow&#8221;][vc_column_text]<\/p>\n<h4 style=\"text-align: center\">Instituts de Recherche en Sant\u00e9 du Canada (IRSC)<\/h4>\n<p>[\/vc_column_text][vc_single_image image=&#8221;8&#8243; img_size=&#8221;medium&#8221; alignment=&#8221;center&#8221; onclick=&#8221;custom_link&#8221; img_link_target=&#8221;_blank&#8221; link=&#8221;http:\/\/www.cihr-irsc.gc.ca\/f\/193.html&#8221;][\/vc_column][\/vc_row][vc_row anchor=&#8221;#!\/funding&#8221;][vc_column][vc_custom_heading text=&#8221;Partenaires&#8221; font_container=&#8221;tag:h1|text_align:center|color:%236babb9&#8243; use_theme_fonts=&#8221;yes&#8221;][vc_separator style=&#8221;shadow&#8221;][vc_row_inner][vc_column_inner][vc_single_image image=&#8221;11&#8243; img_size=&#8221;medium&#8221; alignment=&#8221;center&#8221; onclick=&#8221;custom_link&#8221; img_link_target=&#8221;_blank&#8221; link=&#8221;https:\/\/www.ccctg.ca\/Home.aspx&#8221;][\/vc_column_inner][\/vc_row_inner][\/vc_column][\/vc_row][vc_row][vc_column][vc_custom_heading text=&#8221;Sites&#8221; font_container=&#8221;tag:h1|text_align:center|color:%236babb9&#8243; use_theme_fonts=&#8221;yes&#8221;][vc_separator style=&#8221;shadow&#8221;][vc_row_inner][vc_column_inner width=&#8221;1\/2&#8243;][vc_custom_heading text=&#8221;The Hospital for Sick Children&#8221; font_container=&#8221;tag:h1|text_align:center|color:%2335555c&#8221; use_theme_fonts=&#8221;yes&#8221; link=&#8221;url:https%3A%2F%2Fwww.sickkids.ca%2F|title:The%20Hospital%20for%20Sick%20Children|target:%20_blank&#8221; css=&#8221;.vc_custom_1495652838992{padding-top: 200px !important;}&#8221;][\/vc_column_inner][vc_column_inner width=&#8221;1\/2&#8243;][vc_gmaps link=&#8221;#E-8_JTNDaWZyYW1lJTIwc3JjJTNEJTIyaHR0cHMlM0ElMkYlMkZ3d3cuZ29vZ2xlLmNvbSUyRm1hcHMlMkZlbWJlZCUzRnBiJTNEJTIxMW0xOCUyMTFtMTIlMjExbTMlMjExZDcyMS42NDAyNzU0NDg2OTc1JTIxMmQtNzkuMzg3OTQzOTcwNzMzODIlMjEzZDQzLjY1NzI5OTA0ODY5NTA3JTIxMm0zJTIxMWYwJTIxMmYwJTIxM2YwJTIxM20yJTIxMWkxMDI0JTIxMmk3NjglMjE0ZjEzLjElMjEzbTMlMjExbTIlMjExczB4ODgyYjM0YzliZDY4OTllOSUyNTNBMHg2NDViYTc2NDk4NTJmNTY1JTIxMnNTaWNrJTJCS2lkcyUyQiUyOFRoZSUyQkhvc3BpdGFsJTJCZm9yJTJCU2ljayUyQkNoaWxkcmVuJTI5JTI1MkMlMkI1NTUlMkJVbml2ZXJzaXR5JTJCQXZlJTI1MkMlMkJUb3JvbnRvJTI1MkMlMkJPTiUyQk01RyUyQjFYOCUyMTVlMCUyMTNtMiUyMTFzZW4lMjEyc2NhJTIxNHYxNDk1NjUyNzE0MTE1JTIyJTIwd2lkdGglM0QlMjI2MDAlMjIlMjBoZWlnaHQlM0QlMjI0NTAlMjIlMjBmcmFtZWJvcmRlciUzRCUyMjAlMjIlMjBzdHlsZSUzRCUyMmJvcmRlciUzQTAlMjIlMjBhbGxvd2Z1bGxzY3JlZW4lM0UlM0MlMkZpZnJhbWUlM0U=&#8221;][\/vc_column_inner][\/vc_row_inner][vc_row_inner][vc_column_inner width=&#8221;1\/2&#8243;][vc_custom_heading text=&#8221;Alberta Children&#8217;s Hospital and<br \/>\nThe University of Calgary&#8221; font_container=&#8221;tag:h1|text_align:center|color:%2335555c&#8221; use_theme_fonts=&#8221;yes&#8221; link=&#8221;url:http%3A%2F%2Fresearch4kids.ucalgary.ca%2F|title:Alberta%20Children&#8217;s%20Hospital|target:%20_blank&#8221; css=&#8221;.vc_custom_1497375682810{padding-top: 200px !important;}&#8221;][\/vc_column_inner][vc_column_inner width=&#8221;1\/2&#8243;][vc_gmaps link=&#8221;#E-8_JTNDaWZyYW1lJTIwc3JjJTNEJTIyaHR0cHMlM0ElMkYlMkZ3d3cuZ29vZ2xlLmNvbSUyRm1hcHMlMkZlbWJlZCUzRnBiJTNEJTIxMW0xNCUyMTFtOCUyMTFtMyUyMTFkMTAwMjcuMzkyOTMxNTY3MDE2JTIxMmQtMTE0LjE0Nzk0NDIlMjEzZDUxLjA3NDM1MTYlMjEzbTIlMjExaTEwMjQlMjEyaTc2OCUyMTRmMTMuMSUyMTNtMyUyMTFtMiUyMTFzMHgwJTI1M0EweDNlNjJjZGU0MDkwYmMzNDclMjEyc0FsYmVydGElMkJDaGlsZHJlbiUyNiUyMzM5JTNCcyUyQkhvc3BpdGFsJTIxNWUwJTIxM20yJTIxMXNlbiUyMTJzY2ElMjE0djE0OTczNzU3MjAxOTIlMjIlMjB3aWR0aCUzRCUyMjYwMCUyMiUyMGhlaWdodCUzRCUyMjQ1MCUyMiUyMGZyYW1lYm9yZGVyJTNEJTIyMCUyMiUyMHN0eWxlJTNEJTIyYm9yZGVyJTNBMCUyMiUyMGFsbG93ZnVsbHNjcmVlbiUzRSUzQyUyRmlmcmFtZSUzRQ==&#8221;][\/vc_column_inner][\/vc_row_inner][\/vc_column][\/vc_row][vc_row anchor=&#8221;#!\/resources&#8221;][vc_column][vc_custom_heading text=&#8221;Information pour les familles &#8221; font_container=&#8221;tag:h1|text_align:center|color:%236babb9&#8243; use_theme_fonts=&#8221;yes&#8221;][vc_separator style=&#8221;shadow&#8221;][vc_column_text]<\/p>\n<div id=\"ultimate-heading-16395925d5d4c70a5\" class=\"uvc-heading ult-adjust-bottom-margin ultimate-heading-16395925d5d4c70a5 uvc-4136 \">\n<div class=\"uvc-main-heading ult-responsive\">\n<p style=\"text-align: center\"><a href=\"https:\/\/www.cdc.gov\/traumaticbraininjury\/PediatricmTBIGuideline.html\">New CDC Guidelines on Pediatric Mild Traumatic Brain Injury (Concussion)<\/a><\/p>\n<p style=\"text-align: center\"><a href=\"https:\/\/urldefense.proofpoint.com\/v2\/url?u=http-3A__links.govdelivery.com-3A80_track-3Ftype-3Dclick-26enid-3DZWFzPTEmbWFpbGluZ2lkPTIwMTcxMjIxLjgyODE2NjcxJm1lc3NhZ2VpZD1NREItUFJELUJVTC0yMDE3MTIyMS44MjgxNjY3MSZkYXRhYmFzZWlkPTEwMDEmc2VyaWFsPTE3MTY2MDU0JmVtYWlsaWQ9YW5uZS1tYXJpZS5ndWVyZ3VlcmlhbkBzaWNra2lkcy5jYSZ1c2VyaWQ9YW5uZS1tYXJpZS5ndWVyZ3VlcmlhbkBzaWNra2lkcy5jYSZmbD0mZXh0cmE9TXVsdGl2YXJpYXRlSWQ9JiYm-26-26-26102-26-26-26https-3A__www.cdc.gov_headsup_resources_app.html&amp;d=DwMFAA&amp;c=Sj806OTFwmuG2UO1EEDr-2uZRzm2EPz39TfVBG2Km-o&amp;r=y_Hts8oOomhT3VmhRLggmO4tAnm8hsCk3sMsh-Tqza6KAXZeopn66UTvBdQN3UOS&amp;m=q9eVcHdW7TtwrCNW6SdmOhQfjiaP7H4-hcDXhc7O-Sg&amp;s=qFARHC2vTApKfEvNzqPtvs2PjULOg2f3G4imsYGYk-Q&amp;e=\">CDC HEADS UP Rocket Blades App<\/a><\/p>\n<p style=\"text-align: center\"><a href=\"https:\/\/urldefense.proofpoint.com\/v2\/url?u=http-3A__links.govdelivery.com-3A80_track-3Ftype-3Dclick-26enid-3DZWFzPTEmbWFpbGluZ2lkPTIwMTcxMjIxLjgyODE2NjcxJm1lc3NhZ2VpZD1NREItUFJELUJVTC0yMDE3MTIyMS44MjgxNjY3MSZkYXRhYmFzZWlkPTEwMDEmc2VyaWFsPTE3MTY2MDU0JmVtYWlsaWQ9YW5uZS1tYXJpZS5ndWVyZ3VlcmlhbkBzaWNra2lkcy5jYSZ1c2VyaWQ9YW5uZS1tYXJpZS5ndWVyZ3VlcmlhbkBzaWNra2lkcy5jYSZmbD0mZXh0cmE9TXVsdGl2YXJpYXRlSWQ9JiYm-26-26-26106-26-26-26https-3A__www.cdc.gov_headsup_pdfs_resources_RocketBlades-5FTalkingPoints-2Da.pdf&amp;d=DwMFAA&amp;c=Sj806OTFwmuG2UO1EEDr-2uZRzm2EPz39TfVBG2Km-o&amp;r=y_Hts8oOomhT3VmhRLggmO4tAnm8hsCk3sMsh-Tqza6KAXZeopn66UTvBdQN3UOS&amp;m=q9eVcHdW7TtwrCNW6SdmOhQfjiaP7H4-hcDXhc7O-Sg&amp;s=cfxl9GDK9zzpVKaqXC1tTAl3qmoweyXT7KeLFJDqoBs&amp;e=\">CDC Concussion handout for kids<\/a><\/p>\n<p style=\"text-align: center\"><a href=\"http:\/\/braininjurycanada.ca\/\" target=\"_blank\" rel=\"noopener noreferrer\">Brain Injury Canada<\/a><\/p>\n<p style=\"text-align: center\"><a href=\"http:\/\/concussionsontario.org\/\" target=\"_blank\" rel=\"noopener noreferrer\">Concussions Ontario<\/a><\/p>\n<p style=\"text-align: center\"><a href=\"http:\/\/www.sickkids.ca\/Research\/Neurosciences-and-mental-health\/index.html\" target=\"_blank\" rel=\"noopener noreferrer\">Neurosciences &amp; Mental Health program at SickKids<\/a><\/p>\n<p style=\"text-align: center\"><a href=\"http:\/\/obia.ca\/\" target=\"_blank\" rel=\"noopener noreferrer\">The Ontario Brain Injury Association<\/a><\/p>\n<p style=\"text-align: center\"><a href=\"http:\/\/onf.org\/\" target=\"_blank\" rel=\"noopener noreferrer\">Ontario Neurotrauma Foundation\u00a0<\/a><\/p>\n<p style=\"text-align: center\"><a href=\"http:\/\/www.parachutecanada.org\/\" target=\"_blank\" rel=\"noopener noreferrer\">Parachute Canada<\/a><\/p>\n<p style=\"text-align: center\"><a href=\"https:\/\/www.cdc.gov\/traumaticbraininjury\/index.html\" target=\"_blank\" rel=\"noopener\">Center for Disease Control and Prevention: Traumatic Brain Injury and Concussion<\/a><\/p>\n<p style=\"text-align: center\"><a href=\"https:\/\/braininjuryguidelines.org\/concussion\/\" target=\"_blank\" rel=\"noopener\">Guideline For Concussion\/Mild Traumatic Brain Injury &amp; Persistent Symptoms \u2013 For Adults over 18<\/a><\/p>\n<\/div>\n<\/div>\n<p>[\/vc_column_text][\/vc_column][\/vc_row]<\/p>\n<\/div>","protected":false},"excerpt":{"rendered":"<p>[vc_row anchor=&#8221;#!\/funding&#8221;][vc_column][vc_custom_heading text=&#8221;Financement&#8221; font_container=&#8221;tag:h1|text_align:center|color:%236babb9&#8243; use_theme_fonts=&#8221;yes&#8221;][vc_separator style=&#8221;shadow&#8221;][vc_column_text] Instituts de Recherche en Sant\u00e9 du Canada (IRSC) [\/vc_column_text][vc_single_image image=&#8221;8&#8243; img_size=&#8221;medium&#8221; alignment=&#8221;center&#8221; onclick=&#8221;custom_link&#8221; img_link_target=&#8221;_blank&#8221; link=&#8221;http:\/\/www.cihr-irsc.gc.ca\/f\/193.html&#8221;][\/vc_column][\/vc_row][vc_row anchor=&#8221;#!\/funding&#8221;][vc_column][vc_custom_heading text=&#8221;Partenaires&#8221; font_container=&#8221;tag:h1|text_align:center|color:%236babb9&#8243; use_theme_fonts=&#8221;yes&#8221;][vc_separator style=&#8221;shadow&#8221;][vc_row_inner][vc_column_inner][vc_single_image image=&#8221;11&#8243; img_size=&#8221;medium&#8221; alignment=&#8221;center&#8221; onclick=&#8221;custom_link&#8221; img_link_target=&#8221;_blank&#8221; link=&#8221;https:\/\/www.ccctg.ca\/Home.aspx&#8221;][\/vc_column_inner][\/vc_row_inner][\/vc_column][\/vc_row][vc_row][vc_column][vc_custom_heading text=&#8221;Sites&#8221; font_container=&#8221;tag:h1|text_align:center|color:%236babb9&#8243; use_theme_fonts=&#8221;yes&#8221;][vc_separator style=&#8221;shadow&#8221;][vc_row_inner][vc_column_inner width=&#8221;1\/2&#8243;][vc_custom_heading text=&#8221;The Hospital for Sick Children&#8221; font_container=&#8221;tag:h1|text_align:center|color:%2335555c&#8221; use_theme_fonts=&#8221;yes&#8221; link=&#8221;url:https%3A%2F%2Fwww.sickkids.ca%2F|title:The%20Hospital%20for%20Sick%20Children|target:%20_blank&#8221; css=&#8221;.vc_custom_1495652838992{padding-top: 200px !important;}&#8221;][\/vc_column_inner][vc_column_inner width=&#8221;1\/2&#8243;][vc_gmaps link=&#8221;#E-8_JTNDaWZyYW1lJTIwc3JjJTNEJTIyaHR0cHMlM0ElMkYlMkZ3d3cuZ29vZ2xlLmNvbSUyRm1hcHMlMkZlbWJlZCUzRnBiJTNEJTIxMW0xOCUyMTFtMTIlMjExbTMlMjExZDcyMS42NDAyNzU0NDg2OTc1JTIxMmQtNzkuMzg3OTQzOTcwNzMzODIlMjEzZDQzLjY1NzI5OTA0ODY5NTA3JTIxMm0zJTIxMWYwJTIxMmYwJTIxM2YwJTIxM20yJTIxMWkxMDI0JTIxMmk3NjglMjE0ZjEzLjElMjEzbTMlMjExbTIlMjExczB4ODgyYjM0YzliZDY4OTllOSUyNTNBMHg2NDViYTc2NDk4NTJmNTY1JTIxMnNTaWNrJTJCS2lkcyUyQiUyOFRoZSUyQkhvc3BpdGFsJTJCZm9yJTJCU2ljayUyQkNoaWxkcmVuJTI5JTI1MkMlMkI1NTUlMkJVbml2ZXJzaXR5JTJCQXZlJTI1MkMlMkJUb3JvbnRvJTI1MkMlMkJPTiUyQk01RyUyQjFYOCUyMTVlMCUyMTNtMiUyMTFzZW4lMjEyc2NhJTIxNHYxNDk1NjUyNzE0MTE1JTIyJTIwd2lkdGglM0QlMjI2MDAlMjIlMjBoZWlnaHQlM0QlMjI0NTAlMjIlMjBmcmFtZWJvcmRlciUzRCUyMjAlMjIlMjBzdHlsZSUzRCUyMmJvcmRlciUzQTAlMjIlMjBhbGxvd2Z1bGxzY3JlZW4lM0UlM0MlMkZpZnJhbWUlM0U=&#8221;][\/vc_column_inner][\/vc_row_inner][vc_row_inner][vc_column_inner width=&#8221;1\/2&#8243;][vc_custom_heading text=&#8221;Alberta Children&#8217;s Hospital and&hellip;<\/p>\n","protected":false},"author":23,"featured_media":0,"parent":0,"menu_order":0,"comment_status":"closed","ping_status":"closed","template":"","meta":{"footnotes":""},"class_list":["post-26","page","type-page","status-publish","hentry","description-off"],"yoast_head":"<!-- This site is optimized with the Yoast SEO Premium plugin v27.0 (Yoast SEO v27.0) - https:\/\/yoast.com\/product\/yoast-seo-premium-wordpress\/ -->\n<title>Partenaires - Quantification des l\u00e9sions c\u00e9r\u00e9brales sur la tomodensitom\u00e9trie<\/title>\n<meta name=\"robots\" content=\"index, follow, max-snippet:-1, max-image-preview:large, max-video-preview:-1\" \/>\n<link rel=\"canonical\" href=\"https:\/\/lab.research.sickkids.ca\/qbict-fr\/partenaires\/\" \/>\n<meta property=\"og:locale\" content=\"en_US\" \/>\n<meta property=\"og:type\" content=\"article\" \/>\n<meta property=\"og:title\" content=\"Partenaires\" \/>\n<meta property=\"og:description\" content=\"[vc_row anchor=&#8221;#!\/funding&#8221;][vc_column][vc_custom_heading text=&#8221;Financement&#8221; font_container=&#8221;tag:h1|text_align:center|color:%236babb9&#8243; use_theme_fonts=&#8221;yes&#8221;][vc_separator style=&#8221;shadow&#8221;][vc_column_text] Instituts de Recherche en Sant\u00e9 du Canada (IRSC) [\/vc_column_text][vc_single_image image=&#8221;8&#8243; img_size=&#8221;medium&#8221; alignment=&#8221;center&#8221; onclick=&#8221;custom_link&#8221; img_link_target=&#8221;_blank&#8221; link=&#8221;http:\/\/www.cihr-irsc.gc.ca\/f\/193.html&#8221;][\/vc_column][\/vc_row][vc_row anchor=&#8221;#!\/funding&#8221;][vc_column][vc_custom_heading text=&#8221;Partenaires&#8221; font_container=&#8221;tag:h1|text_align:center|color:%236babb9&#8243; use_theme_fonts=&#8221;yes&#8221;][vc_separator style=&#8221;shadow&#8221;][vc_row_inner][vc_column_inner][vc_single_image image=&#8221;11&#8243; img_size=&#8221;medium&#8221; alignment=&#8221;center&#8221; onclick=&#8221;custom_link&#8221; img_link_target=&#8221;_blank&#8221; link=&#8221;https:\/\/www.ccctg.ca\/Home.aspx&#8221;][\/vc_column_inner][\/vc_row_inner][\/vc_column][\/vc_row][vc_row][vc_column][vc_custom_heading text=&#8221;Sites&#8221; font_container=&#8221;tag:h1|text_align:center|color:%236babb9&#8243; use_theme_fonts=&#8221;yes&#8221;][vc_separator style=&#8221;shadow&#8221;][vc_row_inner][vc_column_inner width=&#8221;1\/2&#8243;][vc_custom_heading text=&#8221;The Hospital for Sick Children&#8221; font_container=&#8221;tag:h1|text_align:center|color:%2335555c&#8221; use_theme_fonts=&#8221;yes&#8221; link=&#8221;url:https%3A%2F%2Fwww.sickkids.ca%2F|title:The%20Hospital%20for%20Sick%20Children|target:%20_blank&#8221; css=&#8221;.vc_custom_1495652838992{padding-top: 200px !important;}&#8221;][\/vc_column_inner][vc_column_inner width=&#8221;1\/2&#8243;][vc_gmaps link=&#8221;#E-8_JTNDaWZyYW1lJTIwc3JjJTNEJTIyaHR0cHMlM0ElMkYlMkZ3d3cuZ29vZ2xlLmNvbSUyRm1hcHMlMkZlbWJlZCUzRnBiJTNEJTIxMW0xOCUyMTFtMTIlMjExbTMlMjExZDcyMS42NDAyNzU0NDg2OTc1JTIxMmQtNzkuMzg3OTQzOTcwNzMzODIlMjEzZDQzLjY1NzI5OTA0ODY5NTA3JTIxMm0zJTIxMWYwJTIxMmYwJTIxM2YwJTIxM20yJTIxMWkxMDI0JTIxMmk3NjglMjE0ZjEzLjElMjEzbTMlMjExbTIlMjExczB4ODgyYjM0YzliZDY4OTllOSUyNTNBMHg2NDViYTc2NDk4NTJmNTY1JTIxMnNTaWNrJTJCS2lkcyUyQiUyOFRoZSUyQkhvc3BpdGFsJTJCZm9yJTJCU2ljayUyQkNoaWxkcmVuJTI5JTI1MkMlMkI1NTUlMkJVbml2ZXJzaXR5JTJCQXZlJTI1MkMlMkJUb3JvbnRvJTI1MkMlMkJPTiUyQk01RyUyQjFYOCUyMTVlMCUyMTNtMiUyMTFzZW4lMjEyc2NhJTIxNHYxNDk1NjUyNzE0MTE1JTIyJTIwd2lkdGglM0QlMjI2MDAlMjIlMjBoZWlnaHQlM0QlMjI0NTAlMjIlMjBmcmFtZWJvcmRlciUzRCUyMjAlMjIlMjBzdHlsZSUzRCUyMmJvcmRlciUzQTAlMjIlMjBhbGxvd2Z1bGxzY3JlZW4lM0UlM0MlMkZpZnJhbWUlM0U=&#8221;][\/vc_column_inner][\/vc_row_inner][vc_row_inner][vc_column_inner width=&#8221;1\/2&#8243;][vc_custom_heading text=&#8221;Alberta Children&#8217;s Hospital and&hellip;\" \/>\n<meta property=\"og:url\" content=\"https:\/\/lab.research.sickkids.ca\/qbict-fr\/partenaires\/\" \/>\n<meta property=\"og:site_name\" content=\"Quantification des l\u00e9sions c\u00e9r\u00e9brales sur la tomodensitom\u00e9trie\" \/>\n<meta property=\"article:modified_time\" content=\"2018-09-04T17:15:41+00:00\" \/>\n<meta name=\"twitter:card\" content=\"summary_large_image\" \/>\n<meta name=\"twitter:label1\" content=\"Est. reading time\" \/>\n\t<meta name=\"twitter:data1\" content=\"3 minutes\" \/>\n<script type=\"application\/ld+json\" class=\"yoast-schema-graph\">{\"@context\":\"https:\/\/schema.org\",\"@graph\":[{\"@type\":\"WebPage\",\"@id\":\"https:\/\/lab.research.sickkids.ca\/qbict-fr\/partenaires\/\",\"url\":\"https:\/\/lab.research.sickkids.ca\/qbict-fr\/partenaires\/\",\"name\":\"Partenaires - Quantification des l\u00e9sions c\u00e9r\u00e9brales sur la tomodensitom\u00e9trie\",\"isPartOf\":{\"@id\":\"https:\/\/lab.research.sickkids.ca\/qbict-fr\/#website\"},\"datePublished\":\"2017-07-19T15:32:30+00:00\",\"dateModified\":\"2018-09-04T17:15:41+00:00\",\"breadcrumb\":{\"@id\":\"https:\/\/lab.research.sickkids.ca\/qbict-fr\/partenaires\/#breadcrumb\"},\"inLanguage\":\"en-US\",\"potentialAction\":[{\"@type\":\"ReadAction\",\"target\":[\"https:\/\/lab.research.sickkids.ca\/qbict-fr\/partenaires\/\"]}]},{\"@type\":\"BreadcrumbList\",\"@id\":\"https:\/\/lab.research.sickkids.ca\/qbict-fr\/partenaires\/#breadcrumb\",\"itemListElement\":[{\"@type\":\"ListItem\",\"position\":1,\"name\":\"Home\",\"item\":\"https:\/\/lab.research.sickkids.ca\/qbict-fr\/\"},{\"@type\":\"ListItem\",\"position\":2,\"name\":\"Partenaires\"}]},{\"@type\":\"WebSite\",\"@id\":\"https:\/\/lab.research.sickkids.ca\/qbict-fr\/#website\",\"url\":\"https:\/\/lab.research.sickkids.ca\/qbict-fr\/\",\"name\":\"Quantification des l\u00e9sions c\u00e9r\u00e9brales sur la tomodensitom\u00e9trie\",\"description\":\"\",\"potentialAction\":[{\"@type\":\"SearchAction\",\"target\":{\"@type\":\"EntryPoint\",\"urlTemplate\":\"https:\/\/lab.research.sickkids.ca\/qbict-fr\/?s={search_term_string}\"},\"query-input\":{\"@type\":\"PropertyValueSpecification\",\"valueRequired\":true,\"valueName\":\"search_term_string\"}}],\"inLanguage\":\"en-US\"}]}<\/script>\n<!-- \/ Yoast SEO Premium plugin. -->","yoast_head_json":{"title":"Partenaires - Quantification des l\u00e9sions c\u00e9r\u00e9brales sur la tomodensitom\u00e9trie","robots":{"index":"index","follow":"follow","max-snippet":"max-snippet:-1","max-image-preview":"max-image-preview:large","max-video-preview":"max-video-preview:-1"},"canonical":"https:\/\/lab.research.sickkids.ca\/qbict-fr\/partenaires\/","og_locale":"en_US","og_type":"article","og_title":"Partenaires","og_description":"[vc_row anchor=&#8221;#!\/funding&#8221;][vc_column][vc_custom_heading text=&#8221;Financement&#8221; font_container=&#8221;tag:h1|text_align:center|color:%236babb9&#8243; use_theme_fonts=&#8221;yes&#8221;][vc_separator style=&#8221;shadow&#8221;][vc_column_text] Instituts de Recherche en Sant\u00e9 du Canada (IRSC) [\/vc_column_text][vc_single_image image=&#8221;8&#8243; img_size=&#8221;medium&#8221; alignment=&#8221;center&#8221; onclick=&#8221;custom_link&#8221; img_link_target=&#8221;_blank&#8221; link=&#8221;http:\/\/www.cihr-irsc.gc.ca\/f\/193.html&#8221;][\/vc_column][\/vc_row][vc_row anchor=&#8221;#!\/funding&#8221;][vc_column][vc_custom_heading text=&#8221;Partenaires&#8221; font_container=&#8221;tag:h1|text_align:center|color:%236babb9&#8243; use_theme_fonts=&#8221;yes&#8221;][vc_separator style=&#8221;shadow&#8221;][vc_row_inner][vc_column_inner][vc_single_image image=&#8221;11&#8243; img_size=&#8221;medium&#8221; alignment=&#8221;center&#8221; onclick=&#8221;custom_link&#8221; img_link_target=&#8221;_blank&#8221; link=&#8221;https:\/\/www.ccctg.ca\/Home.aspx&#8221;][\/vc_column_inner][\/vc_row_inner][\/vc_column][\/vc_row][vc_row][vc_column][vc_custom_heading text=&#8221;Sites&#8221; font_container=&#8221;tag:h1|text_align:center|color:%236babb9&#8243; use_theme_fonts=&#8221;yes&#8221;][vc_separator style=&#8221;shadow&#8221;][vc_row_inner][vc_column_inner width=&#8221;1\/2&#8243;][vc_custom_heading text=&#8221;The Hospital for Sick Children&#8221; font_container=&#8221;tag:h1|text_align:center|color:%2335555c&#8221; use_theme_fonts=&#8221;yes&#8221; link=&#8221;url:https%3A%2F%2Fwww.sickkids.ca%2F|title:The%20Hospital%20for%20Sick%20Children|target:%20_blank&#8221; css=&#8221;.vc_custom_1495652838992{padding-top: 200px !important;}&#8221;][\/vc_column_inner][vc_column_inner width=&#8221;1\/2&#8243;][vc_gmaps link=&#8221;#E-8_JTNDaWZyYW1lJTIwc3JjJTNEJTIyaHR0cHMlM0ElMkYlMkZ3d3cuZ29vZ2xlLmNvbSUyRm1hcHMlMkZlbWJlZCUzRnBiJTNEJTIxMW0xOCUyMTFtMTIlMjExbTMlMjExZDcyMS42NDAyNzU0NDg2OTc1JTIxMmQtNzkuMzg3OTQzOTcwNzMzODIlMjEzZDQzLjY1NzI5OTA0ODY5NTA3JTIxMm0zJTIxMWYwJTIxMmYwJTIxM2YwJTIxM20yJTIxMWkxMDI0JTIxMmk3NjglMjE0ZjEzLjElMjEzbTMlMjExbTIlMjExczB4ODgyYjM0YzliZDY4OTllOSUyNTNBMHg2NDViYTc2NDk4NTJmNTY1JTIxMnNTaWNrJTJCS2lkcyUyQiUyOFRoZSUyQkhvc3BpdGFsJTJCZm9yJTJCU2ljayUyQkNoaWxkcmVuJTI5JTI1MkMlMkI1NTUlMkJVbml2ZXJzaXR5JTJCQXZlJTI1MkMlMkJUb3JvbnRvJTI1MkMlMkJPTiUyQk01RyUyQjFYOCUyMTVlMCUyMTNtMiUyMTFzZW4lMjEyc2NhJTIxNHYxNDk1NjUyNzE0MTE1JTIyJTIwd2lkdGglM0QlMjI2MDAlMjIlMjBoZWlnaHQlM0QlMjI0NTAlMjIlMjBmcmFtZWJvcmRlciUzRCUyMjAlMjIlMjBzdHlsZSUzRCUyMmJvcmRlciUzQTAlMjIlMjBhbGxvd2Z1bGxzY3JlZW4lM0UlM0MlMkZpZnJhbWUlM0U=&#8221;][\/vc_column_inner][\/vc_row_inner][vc_row_inner][vc_column_inner width=&#8221;1\/2&#8243;][vc_custom_heading text=&#8221;Alberta Children&#8217;s Hospital and&hellip;","og_url":"https:\/\/lab.research.sickkids.ca\/qbict-fr\/partenaires\/","og_site_name":"Quantification des l\u00e9sions c\u00e9r\u00e9brales sur la tomodensitom\u00e9trie","article_modified_time":"2018-09-04T17:15:41+00:00","twitter_card":"summary_large_image","twitter_misc":{"Est. reading time":"3 minutes"},"schema":{"@context":"https:\/\/schema.org","@graph":[{"@type":"WebPage","@id":"https:\/\/lab.research.sickkids.ca\/qbict-fr\/partenaires\/","url":"https:\/\/lab.research.sickkids.ca\/qbict-fr\/partenaires\/","name":"Partenaires - Quantification des l\u00e9sions c\u00e9r\u00e9brales sur la tomodensitom\u00e9trie","isPartOf":{"@id":"https:\/\/lab.research.sickkids.ca\/qbict-fr\/#website"},"datePublished":"2017-07-19T15:32:30+00:00","dateModified":"2018-09-04T17:15:41+00:00","breadcrumb":{"@id":"https:\/\/lab.research.sickkids.ca\/qbict-fr\/partenaires\/#breadcrumb"},"inLanguage":"en-US","potentialAction":[{"@type":"ReadAction","target":["https:\/\/lab.research.sickkids.ca\/qbict-fr\/partenaires\/"]}]},{"@type":"BreadcrumbList","@id":"https:\/\/lab.research.sickkids.ca\/qbict-fr\/partenaires\/#breadcrumb","itemListElement":[{"@type":"ListItem","position":1,"name":"Home","item":"https:\/\/lab.research.sickkids.ca\/qbict-fr\/"},{"@type":"ListItem","position":2,"name":"Partenaires"}]},{"@type":"WebSite","@id":"https:\/\/lab.research.sickkids.ca\/qbict-fr\/#website","url":"https:\/\/lab.research.sickkids.ca\/qbict-fr\/","name":"Quantification des l\u00e9sions c\u00e9r\u00e9brales sur la tomodensitom\u00e9trie","description":"","potentialAction":[{"@type":"SearchAction","target":{"@type":"EntryPoint","urlTemplate":"https:\/\/lab.research.sickkids.ca\/qbict-fr\/?s={search_term_string}"},"query-input":{"@type":"PropertyValueSpecification","valueRequired":true,"valueName":"search_term_string"}}],"inLanguage":"en-US"}]}},"_links":{"self":[{"href":"https:\/\/lab.research.sickkids.ca\/qbict-fr\/wp-json\/wp\/v2\/pages\/26","targetHints":{"allow":["GET"]}}],"collection":[{"href":"https:\/\/lab.research.sickkids.ca\/qbict-fr\/wp-json\/wp\/v2\/pages"}],"about":[{"href":"https:\/\/lab.research.sickkids.ca\/qbict-fr\/wp-json\/wp\/v2\/types\/page"}],"author":[{"embeddable":true,"href":"https:\/\/lab.research.sickkids.ca\/qbict-fr\/wp-json\/wp\/v2\/users\/23"}],"replies":[{"embeddable":true,"href":"https:\/\/lab.research.sickkids.ca\/qbict-fr\/wp-json\/wp\/v2\/comments?post=26"}],"version-history":[{"count":4,"href":"https:\/\/lab.research.sickkids.ca\/qbict-fr\/wp-json\/wp\/v2\/pages\/26\/revisions"}],"predecessor-version":[{"id":72,"href":"https:\/\/lab.research.sickkids.ca\/qbict-fr\/wp-json\/wp\/v2\/pages\/26\/revisions\/72"}],"wp:attachment":[{"href":"https:\/\/lab.research.sickkids.ca\/qbict-fr\/wp-json\/wp\/v2\/media?parent=26"}],"curies":[{"name":"wp","href":"https:\/\/api.w.org\/{rel}","templated":true}]}}