{"id":23,"date":"2017-07-19T15:15:39","date_gmt":"2017-07-19T15:15:39","guid":{"rendered":"https:\/\/lab.research.sickkids.ca\/qbict-fr\/?page_id=23"},"modified":"2017-07-25T21:50:36","modified_gmt":"2017-07-25T21:50:36","slug":"quest-ce-quune-tomographie-cerebrale","status":"publish","type":"page","link":"https:\/\/lab.research.sickkids.ca\/qbict-fr\/quest-ce-quune-tomographie-cerebrale\/","title":{"rendered":"Qu\u2019est-ce qu\u2019une tomographie cranienne ou c\u00e9r\u00e9brale?"},"content":{"rendered":"<div class=\"wpb-content-wrapper\"><p>[vc_row][vc_column width=&#8221;1\/2&#8243;][vc_column_text]Ce test est commun\u00e9ment appel\u00e9 un \u2018CT scan\u2019 ou un \u2018CAT scan\u2019 ou une \u00ab\u00a0Tomo c\u00e9r\u00e9brale\u00a0ou cr\u00e2nienne\u00bb. Cet examen fait partie d\u2019un bilan radiologique standard chez l\u2019enfant hospitalis\u00e9 avec un trauma cr\u00e2nien. Cet examen permet aux radiologistes de voir s\u2019il y des fractures du cr\u00e2ne ou des l\u00e9sions c\u00e9r\u00e9brales. Cet examen est utilis\u00e9 comme un outil clinique diagnostic.[\/vc_column_text][\/vc_column][vc_column width=&#8221;1\/2&#8243;][vc_single_image image=&#8221;10&#8243; img_size=&#8221;full&#8221;][\/vc_column][\/vc_row]<\/p>\n<\/div>","protected":false},"excerpt":{"rendered":"<p>[vc_row][vc_column width=&#8221;1\/2&#8243;][vc_column_text]Ce test est commun\u00e9ment appel\u00e9 un \u2018CT scan\u2019 ou un \u2018CAT scan\u2019 ou une \u00ab\u00a0Tomo c\u00e9r\u00e9brale\u00a0ou cr\u00e2nienne\u00bb. Cet examen fait partie d\u2019un bilan radiologique standard chez l\u2019enfant hospitalis\u00e9 avec un trauma cr\u00e2nien. Cet examen permet aux radiologistes de voir s\u2019il y des fractures du cr\u00e2ne ou des l\u00e9sions c\u00e9r\u00e9brales. Cet examen est utilis\u00e9 comme&hellip;<\/p>\n","protected":false},"author":23,"featured_media":0,"parent":0,"menu_order":0,"comment_status":"closed","ping_status":"closed","template":"","meta":{"footnotes":""},"class_list":["post-23","page","type-page","status-publish","hentry","description-off"],"yoast_head":"<!-- This site is optimized with the Yoast SEO Premium plugin v27.0 (Yoast SEO v27.0) - https:\/\/yoast.com\/product\/yoast-seo-premium-wordpress\/ -->\n<title>Qu\u2019est-ce qu\u2019une tomographie cranienne ou c\u00e9r\u00e9brale? - Quantification des l\u00e9sions c\u00e9r\u00e9brales sur la tomodensitom\u00e9trie<\/title>\n<meta name=\"robots\" content=\"index, follow, max-snippet:-1, max-image-preview:large, max-video-preview:-1\" \/>\n<link rel=\"canonical\" href=\"https:\/\/lab.research.sickkids.ca\/qbict-fr\/quest-ce-quune-tomographie-cerebrale\/\" \/>\n<meta property=\"og:locale\" content=\"en_US\" \/>\n<meta property=\"og:type\" content=\"article\" \/>\n<meta property=\"og:title\" content=\"Qu\u2019est-ce qu\u2019une tomographie cranienne ou c\u00e9r\u00e9brale?\" \/>\n<meta property=\"og:description\" content=\"[vc_row][vc_column width=&#8221;1\/2&#8243;][vc_column_text]Ce test est commun\u00e9ment appel\u00e9 un \u2018CT scan\u2019 ou un \u2018CAT scan\u2019 ou une \u00ab\u00a0Tomo c\u00e9r\u00e9brale\u00a0ou cr\u00e2nienne\u00bb. Cet examen fait partie d\u2019un bilan radiologique standard chez l\u2019enfant hospitalis\u00e9 avec un trauma cr\u00e2nien. Cet examen permet aux radiologistes de voir s\u2019il y des fractures du cr\u00e2ne ou des l\u00e9sions c\u00e9r\u00e9brales. Cet examen est utilis\u00e9 comme&hellip;\" \/>\n<meta property=\"og:url\" content=\"https:\/\/lab.research.sickkids.ca\/qbict-fr\/quest-ce-quune-tomographie-cerebrale\/\" \/>\n<meta property=\"og:site_name\" content=\"Quantification des l\u00e9sions c\u00e9r\u00e9brales sur la tomodensitom\u00e9trie\" \/>\n<meta property=\"article:modified_time\" content=\"2017-07-25T21:50:36+00:00\" \/>\n<meta name=\"twitter:card\" content=\"summary_large_image\" \/>\n<script type=\"application\/ld+json\" class=\"yoast-schema-graph\">{\"@context\":\"https:\/\/schema.org\",\"@graph\":[{\"@type\":\"WebPage\",\"@id\":\"https:\/\/lab.research.sickkids.ca\/qbict-fr\/quest-ce-quune-tomographie-cerebrale\/\",\"url\":\"https:\/\/lab.research.sickkids.ca\/qbict-fr\/quest-ce-quune-tomographie-cerebrale\/\",\"name\":\"Qu\u2019est-ce qu\u2019une tomographie cranienne ou c\u00e9r\u00e9brale? - Quantification des l\u00e9sions c\u00e9r\u00e9brales sur la tomodensitom\u00e9trie\",\"isPartOf\":{\"@id\":\"https:\/\/lab.research.sickkids.ca\/qbict-fr\/#website\"},\"datePublished\":\"2017-07-19T15:15:39+00:00\",\"dateModified\":\"2017-07-25T21:50:36+00:00\",\"breadcrumb\":{\"@id\":\"https:\/\/lab.research.sickkids.ca\/qbict-fr\/quest-ce-quune-tomographie-cerebrale\/#breadcrumb\"},\"inLanguage\":\"en-US\",\"potentialAction\":[{\"@type\":\"ReadAction\",\"target\":[\"https:\/\/lab.research.sickkids.ca\/qbict-fr\/quest-ce-quune-tomographie-cerebrale\/\"]}]},{\"@type\":\"BreadcrumbList\",\"@id\":\"https:\/\/lab.research.sickkids.ca\/qbict-fr\/quest-ce-quune-tomographie-cerebrale\/#breadcrumb\",\"itemListElement\":[{\"@type\":\"ListItem\",\"position\":1,\"name\":\"Home\",\"item\":\"https:\/\/lab.research.sickkids.ca\/qbict-fr\/\"},{\"@type\":\"ListItem\",\"position\":2,\"name\":\"Qu\u2019est-ce qu\u2019une tomographie cranienne ou c\u00e9r\u00e9brale?\"}]},{\"@type\":\"WebSite\",\"@id\":\"https:\/\/lab.research.sickkids.ca\/qbict-fr\/#website\",\"url\":\"https:\/\/lab.research.sickkids.ca\/qbict-fr\/\",\"name\":\"Quantification des l\u00e9sions c\u00e9r\u00e9brales sur la tomodensitom\u00e9trie\",\"description\":\"\",\"potentialAction\":[{\"@type\":\"SearchAction\",\"target\":{\"@type\":\"EntryPoint\",\"urlTemplate\":\"https:\/\/lab.research.sickkids.ca\/qbict-fr\/?s={search_term_string}\"},\"query-input\":{\"@type\":\"PropertyValueSpecification\",\"valueRequired\":true,\"valueName\":\"search_term_string\"}}],\"inLanguage\":\"en-US\"}]}<\/script>\n<!-- \/ Yoast SEO Premium plugin. -->","yoast_head_json":{"title":"Qu\u2019est-ce qu\u2019une tomographie cranienne ou c\u00e9r\u00e9brale? - Quantification des l\u00e9sions c\u00e9r\u00e9brales sur la tomodensitom\u00e9trie","robots":{"index":"index","follow":"follow","max-snippet":"max-snippet:-1","max-image-preview":"max-image-preview:large","max-video-preview":"max-video-preview:-1"},"canonical":"https:\/\/lab.research.sickkids.ca\/qbict-fr\/quest-ce-quune-tomographie-cerebrale\/","og_locale":"en_US","og_type":"article","og_title":"Qu\u2019est-ce qu\u2019une tomographie cranienne ou c\u00e9r\u00e9brale?","og_description":"[vc_row][vc_column width=&#8221;1\/2&#8243;][vc_column_text]Ce test est commun\u00e9ment appel\u00e9 un \u2018CT scan\u2019 ou un \u2018CAT scan\u2019 ou une \u00ab\u00a0Tomo c\u00e9r\u00e9brale\u00a0ou cr\u00e2nienne\u00bb. Cet examen fait partie d\u2019un bilan radiologique standard chez l\u2019enfant hospitalis\u00e9 avec un trauma cr\u00e2nien. Cet examen permet aux radiologistes de voir s\u2019il y des fractures du cr\u00e2ne ou des l\u00e9sions c\u00e9r\u00e9brales. Cet examen est utilis\u00e9 comme&hellip;","og_url":"https:\/\/lab.research.sickkids.ca\/qbict-fr\/quest-ce-quune-tomographie-cerebrale\/","og_site_name":"Quantification des l\u00e9sions c\u00e9r\u00e9brales sur la tomodensitom\u00e9trie","article_modified_time":"2017-07-25T21:50:36+00:00","twitter_card":"summary_large_image","schema":{"@context":"https:\/\/schema.org","@graph":[{"@type":"WebPage","@id":"https:\/\/lab.research.sickkids.ca\/qbict-fr\/quest-ce-quune-tomographie-cerebrale\/","url":"https:\/\/lab.research.sickkids.ca\/qbict-fr\/quest-ce-quune-tomographie-cerebrale\/","name":"Qu\u2019est-ce qu\u2019une tomographie cranienne ou c\u00e9r\u00e9brale? - Quantification des l\u00e9sions c\u00e9r\u00e9brales sur la tomodensitom\u00e9trie","isPartOf":{"@id":"https:\/\/lab.research.sickkids.ca\/qbict-fr\/#website"},"datePublished":"2017-07-19T15:15:39+00:00","dateModified":"2017-07-25T21:50:36+00:00","breadcrumb":{"@id":"https:\/\/lab.research.sickkids.ca\/qbict-fr\/quest-ce-quune-tomographie-cerebrale\/#breadcrumb"},"inLanguage":"en-US","potentialAction":[{"@type":"ReadAction","target":["https:\/\/lab.research.sickkids.ca\/qbict-fr\/quest-ce-quune-tomographie-cerebrale\/"]}]},{"@type":"BreadcrumbList","@id":"https:\/\/lab.research.sickkids.ca\/qbict-fr\/quest-ce-quune-tomographie-cerebrale\/#breadcrumb","itemListElement":[{"@type":"ListItem","position":1,"name":"Home","item":"https:\/\/lab.research.sickkids.ca\/qbict-fr\/"},{"@type":"ListItem","position":2,"name":"Qu\u2019est-ce qu\u2019une tomographie cranienne ou c\u00e9r\u00e9brale?"}]},{"@type":"WebSite","@id":"https:\/\/lab.research.sickkids.ca\/qbict-fr\/#website","url":"https:\/\/lab.research.sickkids.ca\/qbict-fr\/","name":"Quantification des l\u00e9sions c\u00e9r\u00e9brales sur la tomodensitom\u00e9trie","description":"","potentialAction":[{"@type":"SearchAction","target":{"@type":"EntryPoint","urlTemplate":"https:\/\/lab.research.sickkids.ca\/qbict-fr\/?s={search_term_string}"},"query-input":{"@type":"PropertyValueSpecification","valueRequired":true,"valueName":"search_term_string"}}],"inLanguage":"en-US"}]}},"_links":{"self":[{"href":"https:\/\/lab.research.sickkids.ca\/qbict-fr\/wp-json\/wp\/v2\/pages\/23","targetHints":{"allow":["GET"]}}],"collection":[{"href":"https:\/\/lab.research.sickkids.ca\/qbict-fr\/wp-json\/wp\/v2\/pages"}],"about":[{"href":"https:\/\/lab.research.sickkids.ca\/qbict-fr\/wp-json\/wp\/v2\/types\/page"}],"author":[{"embeddable":true,"href":"https:\/\/lab.research.sickkids.ca\/qbict-fr\/wp-json\/wp\/v2\/users\/23"}],"replies":[{"embeddable":true,"href":"https:\/\/lab.research.sickkids.ca\/qbict-fr\/wp-json\/wp\/v2\/comments?post=23"}],"version-history":[{"count":0,"href":"https:\/\/lab.research.sickkids.ca\/qbict-fr\/wp-json\/wp\/v2\/pages\/23\/revisions"}],"wp:attachment":[{"href":"https:\/\/lab.research.sickkids.ca\/qbict-fr\/wp-json\/wp\/v2\/media?parent=23"}],"curies":[{"name":"wp","href":"https:\/\/api.w.org\/{rel}","templated":true}]}}