{"id":21,"date":"2017-07-19T15:13:12","date_gmt":"2017-07-19T15:13:12","guid":{"rendered":"https:\/\/lab.research.sickkids.ca\/qbict-fr\/?page_id=21"},"modified":"2017-07-25T21:43:09","modified_gmt":"2017-07-25T21:43:09","slug":"comment-se-deroule-letude","status":"publish","type":"page","link":"https:\/\/lab.research.sickkids.ca\/qbict-fr\/comment-se-deroule-letude\/","title":{"rendered":"Comment se d\u00e9roule l\u2019\u00e9tude?"},"content":{"rendered":"<div class=\"wpb-content-wrapper\"><p>[vc_row][vc_column][vc_column_text]L\u2019\u00e9quipe de recherche vous demandera votre permission afin de participer s\u2019il y a eu un trauma \u00e0 la t\u00eate et si le patient est hospitalis\u00e9.<\/p>\n<p>Les enfants qui ont eu une tomographie c\u00e9r\u00e9brale standard seront \u00e9ligibles. Les participants n\u2019auront pas \u00e0 subir tomographie suppl\u00e9mentaire car l\u2019\u00e9quipe utilisera une copie de l\u2019image d\u00e9j\u00e0 acquise.<\/p>\n<p>Un suivi sera organis\u00e9 pour \u00e9valuer le participant au conge de l\u2019h\u00f4pital, un mois et trois mois apr\u00e8s le trauma. Le suivi comporte un questionnaire qui peut \u00eatre administre en personne ou au t\u00e9l\u00e9phone.<\/p>\n<p>S\u2019il n\u2019y a pas de contre-indication, l\u2019enfant peut aussi aider \u00e0 une seconde \u00e9tape de l\u2019\u00e9tude en \u00a0participant \u00e0 revenir et \u00e0 obtenir une r\u00e9sonnance magn\u00e9tique c\u00e9r\u00e9brale en clinique externe.[\/vc_column_text][\/vc_column][\/vc_row]<\/p>\n<\/div>","protected":false},"excerpt":{"rendered":"<p>[vc_row][vc_column][vc_column_text]L\u2019\u00e9quipe de recherche vous demandera votre permission afin de participer s\u2019il y a eu un trauma \u00e0 la t\u00eate et si le patient est hospitalis\u00e9. Les enfants qui ont eu une tomographie c\u00e9r\u00e9brale standard seront \u00e9ligibles. Les participants n\u2019auront pas \u00e0 subir tomographie suppl\u00e9mentaire car l\u2019\u00e9quipe utilisera une copie de l\u2019image d\u00e9j\u00e0 acquise. Un suivi&hellip;<\/p>\n","protected":false},"author":23,"featured_media":0,"parent":0,"menu_order":0,"comment_status":"closed","ping_status":"closed","template":"","meta":{"footnotes":""},"class_list":["post-21","page","type-page","status-publish","hentry","description-off"],"yoast_head":"<!-- This site is optimized with the Yoast SEO Premium plugin v27.0 (Yoast SEO v27.0) - https:\/\/yoast.com\/product\/yoast-seo-premium-wordpress\/ -->\n<title>Comment se d\u00e9roule l\u2019\u00e9tude? - Quantification des l\u00e9sions c\u00e9r\u00e9brales sur la tomodensitom\u00e9trie<\/title>\n<meta name=\"robots\" content=\"index, follow, max-snippet:-1, max-image-preview:large, max-video-preview:-1\" \/>\n<link rel=\"canonical\" href=\"https:\/\/lab.research.sickkids.ca\/qbict-fr\/comment-se-deroule-letude\/\" \/>\n<meta property=\"og:locale\" content=\"en_US\" \/>\n<meta property=\"og:type\" content=\"article\" \/>\n<meta property=\"og:title\" content=\"Comment se d\u00e9roule l\u2019\u00e9tude?\" \/>\n<meta property=\"og:description\" content=\"[vc_row][vc_column][vc_column_text]L\u2019\u00e9quipe de recherche vous demandera votre permission afin de participer s\u2019il y a eu un trauma \u00e0 la t\u00eate et si le patient est hospitalis\u00e9. Les enfants qui ont eu une tomographie c\u00e9r\u00e9brale standard seront \u00e9ligibles. Les participants n\u2019auront pas \u00e0 subir tomographie suppl\u00e9mentaire car l\u2019\u00e9quipe utilisera une copie de l\u2019image d\u00e9j\u00e0 acquise. Un suivi&hellip;\" \/>\n<meta property=\"og:url\" content=\"https:\/\/lab.research.sickkids.ca\/qbict-fr\/comment-se-deroule-letude\/\" \/>\n<meta property=\"og:site_name\" content=\"Quantification des l\u00e9sions c\u00e9r\u00e9brales sur la tomodensitom\u00e9trie\" \/>\n<meta property=\"article:modified_time\" content=\"2017-07-25T21:43:09+00:00\" \/>\n<meta name=\"twitter:card\" content=\"summary_large_image\" \/>\n<meta name=\"twitter:label1\" content=\"Est. reading time\" \/>\n\t<meta name=\"twitter:data1\" content=\"1 minute\" \/>\n<script type=\"application\/ld+json\" class=\"yoast-schema-graph\">{\"@context\":\"https:\/\/schema.org\",\"@graph\":[{\"@type\":\"WebPage\",\"@id\":\"https:\/\/lab.research.sickkids.ca\/qbict-fr\/comment-se-deroule-letude\/\",\"url\":\"https:\/\/lab.research.sickkids.ca\/qbict-fr\/comment-se-deroule-letude\/\",\"name\":\"Comment se d\u00e9roule l\u2019\u00e9tude? - Quantification des l\u00e9sions c\u00e9r\u00e9brales sur la tomodensitom\u00e9trie\",\"isPartOf\":{\"@id\":\"https:\/\/lab.research.sickkids.ca\/qbict-fr\/#website\"},\"datePublished\":\"2017-07-19T15:13:12+00:00\",\"dateModified\":\"2017-07-25T21:43:09+00:00\",\"breadcrumb\":{\"@id\":\"https:\/\/lab.research.sickkids.ca\/qbict-fr\/comment-se-deroule-letude\/#breadcrumb\"},\"inLanguage\":\"en-US\",\"potentialAction\":[{\"@type\":\"ReadAction\",\"target\":[\"https:\/\/lab.research.sickkids.ca\/qbict-fr\/comment-se-deroule-letude\/\"]}]},{\"@type\":\"BreadcrumbList\",\"@id\":\"https:\/\/lab.research.sickkids.ca\/qbict-fr\/comment-se-deroule-letude\/#breadcrumb\",\"itemListElement\":[{\"@type\":\"ListItem\",\"position\":1,\"name\":\"Home\",\"item\":\"https:\/\/lab.research.sickkids.ca\/qbict-fr\/\"},{\"@type\":\"ListItem\",\"position\":2,\"name\":\"Comment se d\u00e9roule l\u2019\u00e9tude?\"}]},{\"@type\":\"WebSite\",\"@id\":\"https:\/\/lab.research.sickkids.ca\/qbict-fr\/#website\",\"url\":\"https:\/\/lab.research.sickkids.ca\/qbict-fr\/\",\"name\":\"Quantification des l\u00e9sions c\u00e9r\u00e9brales sur la tomodensitom\u00e9trie\",\"description\":\"\",\"potentialAction\":[{\"@type\":\"SearchAction\",\"target\":{\"@type\":\"EntryPoint\",\"urlTemplate\":\"https:\/\/lab.research.sickkids.ca\/qbict-fr\/?s={search_term_string}\"},\"query-input\":{\"@type\":\"PropertyValueSpecification\",\"valueRequired\":true,\"valueName\":\"search_term_string\"}}],\"inLanguage\":\"en-US\"}]}<\/script>\n<!-- \/ Yoast SEO Premium plugin. -->","yoast_head_json":{"title":"Comment se d\u00e9roule l\u2019\u00e9tude? - Quantification des l\u00e9sions c\u00e9r\u00e9brales sur la tomodensitom\u00e9trie","robots":{"index":"index","follow":"follow","max-snippet":"max-snippet:-1","max-image-preview":"max-image-preview:large","max-video-preview":"max-video-preview:-1"},"canonical":"https:\/\/lab.research.sickkids.ca\/qbict-fr\/comment-se-deroule-letude\/","og_locale":"en_US","og_type":"article","og_title":"Comment se d\u00e9roule l\u2019\u00e9tude?","og_description":"[vc_row][vc_column][vc_column_text]L\u2019\u00e9quipe de recherche vous demandera votre permission afin de participer s\u2019il y a eu un trauma \u00e0 la t\u00eate et si le patient est hospitalis\u00e9. Les enfants qui ont eu une tomographie c\u00e9r\u00e9brale standard seront \u00e9ligibles. Les participants n\u2019auront pas \u00e0 subir tomographie suppl\u00e9mentaire car l\u2019\u00e9quipe utilisera une copie de l\u2019image d\u00e9j\u00e0 acquise. Un suivi&hellip;","og_url":"https:\/\/lab.research.sickkids.ca\/qbict-fr\/comment-se-deroule-letude\/","og_site_name":"Quantification des l\u00e9sions c\u00e9r\u00e9brales sur la tomodensitom\u00e9trie","article_modified_time":"2017-07-25T21:43:09+00:00","twitter_card":"summary_large_image","twitter_misc":{"Est. reading time":"1 minute"},"schema":{"@context":"https:\/\/schema.org","@graph":[{"@type":"WebPage","@id":"https:\/\/lab.research.sickkids.ca\/qbict-fr\/comment-se-deroule-letude\/","url":"https:\/\/lab.research.sickkids.ca\/qbict-fr\/comment-se-deroule-letude\/","name":"Comment se d\u00e9roule l\u2019\u00e9tude? - Quantification des l\u00e9sions c\u00e9r\u00e9brales sur la tomodensitom\u00e9trie","isPartOf":{"@id":"https:\/\/lab.research.sickkids.ca\/qbict-fr\/#website"},"datePublished":"2017-07-19T15:13:12+00:00","dateModified":"2017-07-25T21:43:09+00:00","breadcrumb":{"@id":"https:\/\/lab.research.sickkids.ca\/qbict-fr\/comment-se-deroule-letude\/#breadcrumb"},"inLanguage":"en-US","potentialAction":[{"@type":"ReadAction","target":["https:\/\/lab.research.sickkids.ca\/qbict-fr\/comment-se-deroule-letude\/"]}]},{"@type":"BreadcrumbList","@id":"https:\/\/lab.research.sickkids.ca\/qbict-fr\/comment-se-deroule-letude\/#breadcrumb","itemListElement":[{"@type":"ListItem","position":1,"name":"Home","item":"https:\/\/lab.research.sickkids.ca\/qbict-fr\/"},{"@type":"ListItem","position":2,"name":"Comment se d\u00e9roule l\u2019\u00e9tude?"}]},{"@type":"WebSite","@id":"https:\/\/lab.research.sickkids.ca\/qbict-fr\/#website","url":"https:\/\/lab.research.sickkids.ca\/qbict-fr\/","name":"Quantification des l\u00e9sions c\u00e9r\u00e9brales sur la tomodensitom\u00e9trie","description":"","potentialAction":[{"@type":"SearchAction","target":{"@type":"EntryPoint","urlTemplate":"https:\/\/lab.research.sickkids.ca\/qbict-fr\/?s={search_term_string}"},"query-input":{"@type":"PropertyValueSpecification","valueRequired":true,"valueName":"search_term_string"}}],"inLanguage":"en-US"}]}},"_links":{"self":[{"href":"https:\/\/lab.research.sickkids.ca\/qbict-fr\/wp-json\/wp\/v2\/pages\/21","targetHints":{"allow":["GET"]}}],"collection":[{"href":"https:\/\/lab.research.sickkids.ca\/qbict-fr\/wp-json\/wp\/v2\/pages"}],"about":[{"href":"https:\/\/lab.research.sickkids.ca\/qbict-fr\/wp-json\/wp\/v2\/types\/page"}],"author":[{"embeddable":true,"href":"https:\/\/lab.research.sickkids.ca\/qbict-fr\/wp-json\/wp\/v2\/users\/23"}],"replies":[{"embeddable":true,"href":"https:\/\/lab.research.sickkids.ca\/qbict-fr\/wp-json\/wp\/v2\/comments?post=21"}],"version-history":[{"count":0,"href":"https:\/\/lab.research.sickkids.ca\/qbict-fr\/wp-json\/wp\/v2\/pages\/21\/revisions"}],"wp:attachment":[{"href":"https:\/\/lab.research.sickkids.ca\/qbict-fr\/wp-json\/wp\/v2\/media?parent=21"}],"curies":[{"name":"wp","href":"https:\/\/api.w.org\/{rel}","templated":true}]}}