{"id":18,"date":"2017-07-19T15:04:05","date_gmt":"2017-07-19T15:04:05","guid":{"rendered":"https:\/\/lab.research.sickkids.ca\/qbict-fr\/?page_id=18"},"modified":"2017-07-25T21:23:25","modified_gmt":"2017-07-25T21:23:25","slug":"a-propose-de-letude","status":"publish","type":"page","link":"https:\/\/lab.research.sickkids.ca\/qbict-fr\/a-propose-de-letude\/","title":{"rendered":"A propos de l\u2019etude"},"content":{"rendered":"<p><strong>L\u2019objectif<\/strong><strong><br \/>\n<\/strong>L&#8217;objectif de l\u2019\u00e9tude est de quantifier la s\u00e9v\u00e9rit\u00e9 du trauma cr\u00e2nien sur une image standard de tomographie cr\u00e2nienne.<\/p>\n<p>L\u2019outil se nomme &#8216;Quantification des L\u00e9sions sur tomographie cr\u00e2nienne&#8217; ou QLct pour l&#8217;abr\u00e9viation en fran\u00e7ais.<\/p>\n<p><strong>Vous et votre enfant pouvez participer \u00e0 cette \u00e9tude clinique si:<\/strong><\/p>\n<ul>\n<li>le patient est \u00e2g\u00e9 de moins de 18 ans<\/li>\n<li>il y eu une suspicion ou un trauma \u00e0 la t\u00eate<\/li>\n<li>une hospitalisation moins d\u2019une semaine apr\u00e8s le trauma<\/li>\n<li>il y a eu une tomographie c\u00e9r\u00e9brale<\/li>\n<\/ul>\n<p><strong>B\u00e9n\u00e9fices pour vous et votre enfant<\/strong><strong><br \/>\n<\/strong>Les participants recevront un certificat \u00e9crit.<\/p>\n<p><strong>B\u00e9n\u00e9fices pour la soci\u00e9t\u00e9<\/strong><\/p>\n<p>En validant une approche syst\u00e9matique et rapide pour \u00e9valuer un trauma cr\u00e2nien chez l\u2019enfant, les r\u00e9sultats de cette \u00e9tude aideront les m\u00e9decins et chercheurs canadiens. Cette fa\u00e7on pr\u00e9coce de mesurer la s\u00e9v\u00e9rit\u00e9 du trauma permettra aux cliniciens d\u2019\u00e9tablir un diagnostic et de mettre en place une prise en charge pendant les soins aigus.<\/p>\n","protected":false},"excerpt":{"rendered":"<p>L\u2019objectif L&#8217;objectif de l\u2019\u00e9tude est de quantifier la s\u00e9v\u00e9rit\u00e9 du trauma cr\u00e2nien sur une image standard de tomographie cr\u00e2nienne. L\u2019outil se nomme &#8216;Quantification des L\u00e9sions sur tomographie cr\u00e2nienne&#8217; ou QLct pour l&#8217;abr\u00e9viation en fran\u00e7ais. Vous et votre enfant pouvez participer \u00e0 cette \u00e9tude clinique si: le patient est \u00e2g\u00e9 de moins de 18 ans il&hellip;<\/p>\n","protected":false},"author":23,"featured_media":0,"parent":0,"menu_order":0,"comment_status":"closed","ping_status":"closed","template":"","meta":{"footnotes":""},"class_list":["post-18","page","type-page","status-publish","hentry","description-off"],"yoast_head":"<!-- This site is optimized with the Yoast SEO Premium plugin v27.0 (Yoast SEO v27.0) - https:\/\/yoast.com\/product\/yoast-seo-premium-wordpress\/ -->\n<title>A propos de l\u2019etude - Quantification des l\u00e9sions c\u00e9r\u00e9brales sur la tomodensitom\u00e9trie<\/title>\n<meta name=\"robots\" content=\"index, follow, max-snippet:-1, max-image-preview:large, max-video-preview:-1\" \/>\n<link rel=\"canonical\" href=\"https:\/\/lab.research.sickkids.ca\/qbict-fr\/a-propose-de-letude\/\" \/>\n<meta property=\"og:locale\" content=\"en_US\" \/>\n<meta property=\"og:type\" content=\"article\" \/>\n<meta property=\"og:title\" content=\"A propos de l\u2019etude\" \/>\n<meta property=\"og:description\" content=\"L\u2019objectif L&#8217;objectif de l\u2019\u00e9tude est de quantifier la s\u00e9v\u00e9rit\u00e9 du trauma cr\u00e2nien sur une image standard de tomographie cr\u00e2nienne. L\u2019outil se nomme &#8216;Quantification des L\u00e9sions sur tomographie cr\u00e2nienne&#8217; ou QLct pour l&#8217;abr\u00e9viation en fran\u00e7ais. Vous et votre enfant pouvez participer \u00e0 cette \u00e9tude clinique si: le patient est \u00e2g\u00e9 de moins de 18 ans il&hellip;\" \/>\n<meta property=\"og:url\" content=\"https:\/\/lab.research.sickkids.ca\/qbict-fr\/a-propose-de-letude\/\" \/>\n<meta property=\"og:site_name\" content=\"Quantification des l\u00e9sions c\u00e9r\u00e9brales sur la tomodensitom\u00e9trie\" \/>\n<meta property=\"article:modified_time\" content=\"2017-07-25T21:23:25+00:00\" \/>\n<meta name=\"twitter:card\" content=\"summary_large_image\" \/>\n<meta name=\"twitter:label1\" content=\"Est. reading time\" \/>\n\t<meta name=\"twitter:data1\" content=\"1 minute\" \/>\n<script type=\"application\/ld+json\" class=\"yoast-schema-graph\">{\"@context\":\"https:\/\/schema.org\",\"@graph\":[{\"@type\":\"WebPage\",\"@id\":\"https:\/\/lab.research.sickkids.ca\/qbict-fr\/a-propose-de-letude\/\",\"url\":\"https:\/\/lab.research.sickkids.ca\/qbict-fr\/a-propose-de-letude\/\",\"name\":\"A propos de l\u2019etude - Quantification des l\u00e9sions c\u00e9r\u00e9brales sur la tomodensitom\u00e9trie\",\"isPartOf\":{\"@id\":\"https:\/\/lab.research.sickkids.ca\/qbict-fr\/#website\"},\"datePublished\":\"2017-07-19T15:04:05+00:00\",\"dateModified\":\"2017-07-25T21:23:25+00:00\",\"breadcrumb\":{\"@id\":\"https:\/\/lab.research.sickkids.ca\/qbict-fr\/a-propose-de-letude\/#breadcrumb\"},\"inLanguage\":\"en-US\",\"potentialAction\":[{\"@type\":\"ReadAction\",\"target\":[\"https:\/\/lab.research.sickkids.ca\/qbict-fr\/a-propose-de-letude\/\"]}]},{\"@type\":\"BreadcrumbList\",\"@id\":\"https:\/\/lab.research.sickkids.ca\/qbict-fr\/a-propose-de-letude\/#breadcrumb\",\"itemListElement\":[{\"@type\":\"ListItem\",\"position\":1,\"name\":\"Home\",\"item\":\"https:\/\/lab.research.sickkids.ca\/qbict-fr\/\"},{\"@type\":\"ListItem\",\"position\":2,\"name\":\"A propos de l\u2019etude\"}]},{\"@type\":\"WebSite\",\"@id\":\"https:\/\/lab.research.sickkids.ca\/qbict-fr\/#website\",\"url\":\"https:\/\/lab.research.sickkids.ca\/qbict-fr\/\",\"name\":\"Quantification des l\u00e9sions c\u00e9r\u00e9brales sur la tomodensitom\u00e9trie\",\"description\":\"\",\"potentialAction\":[{\"@type\":\"SearchAction\",\"target\":{\"@type\":\"EntryPoint\",\"urlTemplate\":\"https:\/\/lab.research.sickkids.ca\/qbict-fr\/?s={search_term_string}\"},\"query-input\":{\"@type\":\"PropertyValueSpecification\",\"valueRequired\":true,\"valueName\":\"search_term_string\"}}],\"inLanguage\":\"en-US\"}]}<\/script>\n<!-- \/ Yoast SEO Premium plugin. -->","yoast_head_json":{"title":"A propos de l\u2019etude - Quantification des l\u00e9sions c\u00e9r\u00e9brales sur la tomodensitom\u00e9trie","robots":{"index":"index","follow":"follow","max-snippet":"max-snippet:-1","max-image-preview":"max-image-preview:large","max-video-preview":"max-video-preview:-1"},"canonical":"https:\/\/lab.research.sickkids.ca\/qbict-fr\/a-propose-de-letude\/","og_locale":"en_US","og_type":"article","og_title":"A propos de l\u2019etude","og_description":"L\u2019objectif L&#8217;objectif de l\u2019\u00e9tude est de quantifier la s\u00e9v\u00e9rit\u00e9 du trauma cr\u00e2nien sur une image standard de tomographie cr\u00e2nienne. L\u2019outil se nomme &#8216;Quantification des L\u00e9sions sur tomographie cr\u00e2nienne&#8217; ou QLct pour l&#8217;abr\u00e9viation en fran\u00e7ais. Vous et votre enfant pouvez participer \u00e0 cette \u00e9tude clinique si: le patient est \u00e2g\u00e9 de moins de 18 ans il&hellip;","og_url":"https:\/\/lab.research.sickkids.ca\/qbict-fr\/a-propose-de-letude\/","og_site_name":"Quantification des l\u00e9sions c\u00e9r\u00e9brales sur la tomodensitom\u00e9trie","article_modified_time":"2017-07-25T21:23:25+00:00","twitter_card":"summary_large_image","twitter_misc":{"Est. reading time":"1 minute"},"schema":{"@context":"https:\/\/schema.org","@graph":[{"@type":"WebPage","@id":"https:\/\/lab.research.sickkids.ca\/qbict-fr\/a-propose-de-letude\/","url":"https:\/\/lab.research.sickkids.ca\/qbict-fr\/a-propose-de-letude\/","name":"A propos de l\u2019etude - Quantification des l\u00e9sions c\u00e9r\u00e9brales sur la tomodensitom\u00e9trie","isPartOf":{"@id":"https:\/\/lab.research.sickkids.ca\/qbict-fr\/#website"},"datePublished":"2017-07-19T15:04:05+00:00","dateModified":"2017-07-25T21:23:25+00:00","breadcrumb":{"@id":"https:\/\/lab.research.sickkids.ca\/qbict-fr\/a-propose-de-letude\/#breadcrumb"},"inLanguage":"en-US","potentialAction":[{"@type":"ReadAction","target":["https:\/\/lab.research.sickkids.ca\/qbict-fr\/a-propose-de-letude\/"]}]},{"@type":"BreadcrumbList","@id":"https:\/\/lab.research.sickkids.ca\/qbict-fr\/a-propose-de-letude\/#breadcrumb","itemListElement":[{"@type":"ListItem","position":1,"name":"Home","item":"https:\/\/lab.research.sickkids.ca\/qbict-fr\/"},{"@type":"ListItem","position":2,"name":"A propos de l\u2019etude"}]},{"@type":"WebSite","@id":"https:\/\/lab.research.sickkids.ca\/qbict-fr\/#website","url":"https:\/\/lab.research.sickkids.ca\/qbict-fr\/","name":"Quantification des l\u00e9sions c\u00e9r\u00e9brales sur la tomodensitom\u00e9trie","description":"","potentialAction":[{"@type":"SearchAction","target":{"@type":"EntryPoint","urlTemplate":"https:\/\/lab.research.sickkids.ca\/qbict-fr\/?s={search_term_string}"},"query-input":{"@type":"PropertyValueSpecification","valueRequired":true,"valueName":"search_term_string"}}],"inLanguage":"en-US"}]}},"_links":{"self":[{"href":"https:\/\/lab.research.sickkids.ca\/qbict-fr\/wp-json\/wp\/v2\/pages\/18","targetHints":{"allow":["GET"]}}],"collection":[{"href":"https:\/\/lab.research.sickkids.ca\/qbict-fr\/wp-json\/wp\/v2\/pages"}],"about":[{"href":"https:\/\/lab.research.sickkids.ca\/qbict-fr\/wp-json\/wp\/v2\/types\/page"}],"author":[{"embeddable":true,"href":"https:\/\/lab.research.sickkids.ca\/qbict-fr\/wp-json\/wp\/v2\/users\/23"}],"replies":[{"embeddable":true,"href":"https:\/\/lab.research.sickkids.ca\/qbict-fr\/wp-json\/wp\/v2\/comments?post=18"}],"version-history":[{"count":0,"href":"https:\/\/lab.research.sickkids.ca\/qbict-fr\/wp-json\/wp\/v2\/pages\/18\/revisions"}],"wp:attachment":[{"href":"https:\/\/lab.research.sickkids.ca\/qbict-fr\/wp-json\/wp\/v2\/media?parent=18"}],"curies":[{"name":"wp","href":"https:\/\/api.w.org\/{rel}","templated":true}]}}