{"id":39,"date":"2019-04-17T17:33:49","date_gmt":"2019-04-17T17:33:49","guid":{"rendered":"https:\/\/lab.research.sickkids.ca\/maass\/?page_id=39"},"modified":"2026-02-11T20:13:32","modified_gmt":"2026-02-11T20:13:32","slug":"publications","status":"publish","type":"page","link":"https:\/\/lab.research.sickkids.ca\/maass\/publications\/","title":{"rendered":"Publications"},"content":{"rendered":"<div class=\"wpb-content-wrapper\"><p>[vc_row][vc_column][vc_empty_space][\/vc_column][\/vc_row][vc_row][vc_column width=&#8221;1\/6&#8243;][\/vc_column][vc_column width=&#8221;1\/6&#8243;][vc_btn title=&#8221;PubMed&#8221; style=&#8221;flat&#8221; shape=&#8221;square&#8221; color=&#8221;primary&#8221; align=&#8221;center&#8221; button_block=&#8221;true&#8221; link=&#8221;url:https%3A%2F%2Fwww.ncbi.nlm.nih.gov%2Fpubmed%2F%3Fterm%3DMaass%2BPG|title:PubMed|target:%20_blank&#8221;][\/vc_column][vc_column width=&#8221;1\/6&#8243;][vc_btn title=&#8221;Google Scholar&#8221; style=&#8221;flat&#8221; shape=&#8221;square&#8221; color=&#8221;primary&#8221; align=&#8221;center&#8221; button_block=&#8221;true&#8221; link=&#8221;url:https%3A%2F%2Fscholar.google.com%2Fcitations%3Fuser%3DwU-EVN0AAAAJ%26hl%3Den|title:Google%20Scholar|target:%20_blank&#8221;][\/vc_column][vc_column width=&#8221;1\/6&#8243;][vc_btn title=&#8221;Research Gate&#8221; style=&#8221;flat&#8221; shape=&#8221;square&#8221; color=&#8221;primary&#8221; align=&#8221;center&#8221; button_block=&#8221;true&#8221; link=&#8221;url:https%3A%2F%2Fwww.researchgate.net%2Fprofile%2FPhilipp_Maass3|title:Research%20Gate|target:%20_blank&#8221;][\/vc_column][vc_column width=&#8221;1\/6&#8243;][\/vc_column][\/vc_row][vc_row][vc_column][vc_empty_space][\/vc_column][\/vc_row][vc_row][vc_column][vc_column_text css_animation=&#8221;fadeIn&#8221;]<\/p>\n<h3>Selected Publications<\/h3>\n<p><a href=\"https:\/\/www.nature.com\/articles\/s41467-025-67591-x\"><u>LncRNA CISTR-ACT regulates cell size in human and mouse by guiding FOSL2<\/u><\/a><br \/>\nKiriakopulos K, Soleimanpour K, McMurray BJ, Moke BI, Chalmers JJ, Mokhtaridoost M, Newton JD, Young De T, Delfosse K, Ahmed M, Wong CJ, Stricker S, Li Y, Nieman BJ, Gingras AC, Justice MJ, Levebvre J, Maass PG.<br \/>\n<strong>Nature Communications<\/strong>, December 16, 2025. <\/p>\n<div class=\"hr-thin\"><\/div>\n<p class=\"Head u-font-serif u-h2 u-margin-s-ver\"><a href=\"https:\/\/www.sciencedirect.com\/science\/article\/pii\/S221112472501188X?via%3Dihub\"><u>tRNA-overlapping long non-coding RNA loci repress codon-biased genes<\/u><\/a><br \/>\nAhmed S, Fine JL, Chalmers JJ, Kiriakopulos K, Clarke LA, Casanova Su\u00e1rez C, McMurray BJ, Soleimanpour K, Oliveros W, Delfosse K, Mokhtaridoost M, Wong CJ, Gingras AC, Fabian MR, Blencowe BJ, Maass PG.<br \/>\n<strong>Cell Reports<\/strong>, October 28, 2025. <\/p>\n<div class=\"hr-thin\"><\/div>\n<p><span style=\"text-decoration: underline\"><a href=\"https:\/\/www.nature.com\/articles\/s41467-024-53983-y\">Inter-chromosomal contacts demarcate genome topology along a spatial gradient<\/a><\/span><br \/>\nMokhtaridoost M, Chalmers JJ, Soleimanpoor M, McMurray BJ, Lato DF, Nguyen SC, Musienko V, Nash JO, Espeso-Gil S, Ahmed S, Delfosse K, Browning JWL, Barutcu AR, Wilson MD, Liehr T, Shlien A, Aref S, Joyce EF, Weise A, Maass PG.<br \/>\n<strong>Nature Communications<\/strong>, November 13, 2024. <\/p>\n<div class=\"hr-thin\"><\/div>\n<p><a href=\"https:\/\/www.cell.com\/cell-genomics\/pdf\/S2666-979X(23)00098-8.pdf\"><span style=\"text-decoration: underline\">Systematic characterization of regulatory variants of blood pressure genes.<\/span><\/a><br \/>\nOliveros W, Delfosse K, Lato DF, Kiriakopulos K, Mokhtaridoost M, Said A, McMurray BJ, Browning JWL, Mattioli K, Meng G, Ellis J, Mital S, Mel\u00e9 M, Maass PG.<br \/>\n<strong>Cell Genomics<\/strong>, May 24, 2023. <\/p>\n<div class=\"hr-thin\"><\/div>\n<div>\n<div class=\"rslt\">\n<p class=\"title\"><a href=\"https:\/\/www.ncbi.nlm.nih.gov\/pubmed\/30683753\" target=\"_blank\" rel=\"noopener\">High-throughput functional analysis of lncRNA core promoters elucidates rules governing tissue specificity.<\/a><br \/>\nMattioli K, Volders PJ, Gerhardinger C, Lee JC, Maass PG, Mel\u00e9 M, Rinn JL.<br \/>\n<strong><span class=\"jrnl\" title=\"Genome research\">Genome Research<\/span><\/strong>. January 25, 2019<\/p>\n<div class=\"hr-thin\"><\/div>\n<\/div>\n<\/div>\n<div class=\"rslt\">\n<p class=\"title\"><a href=\"https:\/\/www.ncbi.nlm.nih.gov\/pubmed\/30181316\" target=\"_blank\" rel=\"noopener\">Interchromosomal interactions: A genomic love story of kissing chromosomes.<\/a><br \/>\nMaass PG, Barutcu AR, Rinn JL.<br \/>\n<strong><span class=\"jrnl\" title=\"The Journal of cell biology\">Journal of Cell Biology<\/span><\/strong><span class=\"jrnl\" title=\"The Journal of cell biology\">.<\/span> January 7, 2019<\/p>\n<div class=\"hr-thin\"><\/div>\n<p class=\"title\"><a href=\"https:\/\/www.ncbi.nlm.nih.gov\/pubmed\/29921581\" target=\"_blank\" rel=\"noopener\">Reorganization of <i>inter-<\/i>chromosomal interactions in the 2q37-deletion syndrome.<\/a><br \/>\nMaass PG, Weise A, Rittscher K, Lichtenwald J, Barutcu AR, Liehr T, Aydin A, Wefeld-Neuenfeld Y, P\u00f6lsler L, Tinschert S, Rinn JL, Luft FC, B\u00e4hring S.<br \/>\n<strong><span class=\"jrnl\" title=\"The EMBO journal\">EMBO Journal<\/span><\/strong>. June 19, 2018<\/p>\n<div class=\"hr-thin\"><\/div>\n<div class=\"rprt\">\n<div class=\"rslt\">\n<div class=\"aux\">\n<div class=\"resc\">\n<p class=\"title\"><a href=\"https:\/\/www.ncbi.nlm.nih.gov\/pubmed\/29526697\" target=\"_blank\" rel=\"noopener\">Inter-chromosomal Contact Properties in Live-Cell Imaging and in Hi-C.<\/a><br \/>\nMaass PG, Barutcu AR, Weiner CL, Rinn JL.<br \/>\n<strong><span class=\"jrnl\" title=\"Molecular cell\">Molecular Cell<\/span><\/strong>. March 15, 2018. Erratum in: <a href=\"https:\/\/www.ncbi.nlm.nih.gov\/pubmed\/29625035\" target=\"_blank\" rel=\"noopener\">Mol Cell. 2018 Apr 5;70(1):188-189<\/a>.<\/p>\n<div class=\"hr-thin\"><\/div>\n<div class=\"rslt\">\n<p class=\"title\"><a href=\"https:\/\/www.ncbi.nlm.nih.gov\/pubmed\/29343869\" target=\"_blank\" rel=\"noopener\">Spatiotemporal allele organization by allele-specific CRISPR live-cell imaging (SNP-CLING).<\/a><br \/>\nMaass PG, Barutcu AR, Shechner DM, Weiner CL, Mel\u00e9 M, Rinn JL.<br \/>\n<strong><span class=\"jrnl\" title=\"Nature structural &amp; molecular biology\">Nature Structure Molecular Biology<\/span><\/strong>. January 8, 2018 <\/p>\n<div class=\"hr-thin\"><\/div>\n<p><a href=\"https:\/\/www.ncbi.nlm.nih.gov\/pubmed\/25961942\">PDE3A mutations cause autosomal dominant hypertension with brachydactyly.<\/a><br \/>\nMaass PG, Aydin A, Luft FC, Sch\u00e4chterle C, Weise A, Stricker S, Lindschau C, Vaegler M, Qadri F, Toka HR, Schulz H, Krawitz PM, Parkhomchuk D, Hecht J, Hollfinger I, Wefeld-Neuenfeld Y, Bartels-Klein E, M\u00fchl A, Kann M, Schuster H, Chitayat D, Bialer MG, Wienker TF, Ott J, Rittscher K, Liehr T, Jordan J, Plessis G, Tank J, Mai K, Naraghi R, Hodge R, Hopp M, Hattenbach LO, Busjahn A, Rauch A, Vandeput F, Gong M, R\u00fcschendorf F, H\u00fcbner N, Haller H, Mundlos S, Bilginturan N, Movsesian MA, Klussmann E, Toka O, B\u00e4hring S.<br \/>\n<strong>Nature Genetics<\/strong>. May 11, 2015 <\/p>\n<div class=\"hr-thin\"><\/div>\n<p><a href=\"https:\/\/www.ncbi.nlm.nih.gov\/pubmed\/23093776\">A misplaced lncRNA causes brachydactyly in humans.<\/a><br \/>\nMaass PG, Rump A, Schulz H, Stricker S, Schulze L, Platzer K, Aydin A, Tinschert S, Goldring MB, Luft FC, B\u00e4hring S.<br \/>\n<strong>Journal of Clinical Investigation<\/strong>. October 24, 2012<\/p>\n<p>&nbsp;<\/p>\n<\/div>\n<\/div>\n<\/div>\n<\/div>\n<\/div>\n<\/div>\n<p>[\/vc_column_text][\/vc_column][\/vc_row]<\/p>\n<\/div>","protected":false},"excerpt":{"rendered":"<p>[vc_row][vc_column][vc_empty_space][\/vc_column][\/vc_row][vc_row][vc_column width=&#8221;1\/6&#8243;][\/vc_column][vc_column width=&#8221;1\/6&#8243;][vc_btn title=&#8221;PubMed&#8221; style=&#8221;flat&#8221; shape=&#8221;square&#8221; color=&#8221;primary&#8221; align=&#8221;center&#8221; button_block=&#8221;true&#8221; link=&#8221;url:https%3A%2F%2Fwww.ncbi.nlm.nih.gov%2Fpubmed%2F%3Fterm%3DMaass%2BPG|title:PubMed|target:%20_blank&#8221;][\/vc_column][vc_column width=&#8221;1\/6&#8243;][vc_btn title=&#8221;Google Scholar&#8221; style=&#8221;flat&#8221; shape=&#8221;square&#8221; color=&#8221;primary&#8221; align=&#8221;center&#8221; button_block=&#8221;true&#8221; link=&#8221;url:https%3A%2F%2Fscholar.google.com%2Fcitations%3Fuser%3DwU-EVN0AAAAJ%26hl%3Den|title:Google%20Scholar|target:%20_blank&#8221;][\/vc_column][vc_column width=&#8221;1\/6&#8243;][vc_btn title=&#8221;Research Gate&#8221; style=&#8221;flat&#8221; shape=&#8221;square&#8221; color=&#8221;primary&#8221; align=&#8221;center&#8221; button_block=&#8221;true&#8221; link=&#8221;url:https%3A%2F%2Fwww.researchgate.net%2Fprofile%2FPhilipp_Maass3|title:Research%20Gate|target:%20_blank&#8221;][\/vc_column][vc_column width=&#8221;1\/6&#8243;][\/vc_column][\/vc_row][vc_row][vc_column][vc_empty_space][\/vc_column][\/vc_row][vc_row][vc_column][vc_column_text css_animation=&#8221;fadeIn&#8221;] Selected Publications LncRNA CISTR-ACT regulates cell size in human and mouse by guiding FOSL2 Kiriakopulos K, Soleimanpour K, McMurray BJ, Moke BI, Chalmers JJ, Mokhtaridoost&hellip;<\/p>\n","protected":false},"author":2,"featured_media":0,"parent":0,"menu_order":0,"comment_status":"closed","ping_status":"closed","template":"","meta":{"footnotes":""},"class_list":["post-39","page","type-page","status-publish","hentry","description-off"],"yoast_head":"<!-- This site is optimized with the Yoast SEO Premium plugin v27.0 (Yoast SEO v27.0) - https:\/\/yoast.com\/product\/yoast-seo-premium-wordpress\/ -->\n<title>Publications - Maass Lab<\/title>\n<meta name=\"robots\" content=\"index, follow, max-snippet:-1, max-image-preview:large, max-video-preview:-1\" \/>\n<link rel=\"canonical\" href=\"https:\/\/lab.research.sickkids.ca\/maass\/publications\/\" \/>\n<meta property=\"og:locale\" content=\"en_US\" \/>\n<meta property=\"og:type\" content=\"article\" \/>\n<meta property=\"og:title\" content=\"Publications\" \/>\n<meta property=\"og:description\" content=\"[vc_row][vc_column][vc_empty_space][\/vc_column][\/vc_row][vc_row][vc_column width=&#8221;1\/6&#8243;][\/vc_column][vc_column width=&#8221;1\/6&#8243;][vc_btn title=&#8221;PubMed&#8221; style=&#8221;flat&#8221; shape=&#8221;square&#8221; color=&#8221;primary&#8221; align=&#8221;center&#8221; button_block=&#8221;true&#8221; link=&#8221;url:https%3A%2F%2Fwww.ncbi.nlm.nih.gov%2Fpubmed%2F%3Fterm%3DMaass%2BPG|title:PubMed|target:%20_blank&#8221;][\/vc_column][vc_column width=&#8221;1\/6&#8243;][vc_btn title=&#8221;Google Scholar&#8221; style=&#8221;flat&#8221; shape=&#8221;square&#8221; color=&#8221;primary&#8221; align=&#8221;center&#8221; button_block=&#8221;true&#8221; link=&#8221;url:https%3A%2F%2Fscholar.google.com%2Fcitations%3Fuser%3DwU-EVN0AAAAJ%26hl%3Den|title:Google%20Scholar|target:%20_blank&#8221;][\/vc_column][vc_column width=&#8221;1\/6&#8243;][vc_btn title=&#8221;Research Gate&#8221; style=&#8221;flat&#8221; shape=&#8221;square&#8221; color=&#8221;primary&#8221; align=&#8221;center&#8221; button_block=&#8221;true&#8221; link=&#8221;url:https%3A%2F%2Fwww.researchgate.net%2Fprofile%2FPhilipp_Maass3|title:Research%20Gate|target:%20_blank&#8221;][\/vc_column][vc_column width=&#8221;1\/6&#8243;][\/vc_column][\/vc_row][vc_row][vc_column][vc_empty_space][\/vc_column][\/vc_row][vc_row][vc_column][vc_column_text css_animation=&#8221;fadeIn&#8221;] Selected Publications LncRNA CISTR-ACT regulates cell size in human and mouse by guiding FOSL2 Kiriakopulos K, Soleimanpour K, McMurray BJ, Moke BI, Chalmers JJ, Mokhtaridoost&hellip;\" \/>\n<meta property=\"og:url\" content=\"https:\/\/lab.research.sickkids.ca\/maass\/publications\/\" \/>\n<meta property=\"og:site_name\" content=\"Maass Lab\" \/>\n<meta property=\"article:modified_time\" content=\"2026-02-11T20:13:32+00:00\" \/>\n<meta name=\"twitter:card\" content=\"summary_large_image\" \/>\n<meta name=\"twitter:label1\" content=\"Est. reading time\" \/>\n\t<meta name=\"twitter:data1\" content=\"3 minutes\" \/>\n<script type=\"application\/ld+json\" class=\"yoast-schema-graph\">{\"@context\":\"https:\/\/schema.org\",\"@graph\":[{\"@type\":\"WebPage\",\"@id\":\"https:\/\/lab.research.sickkids.ca\/maass\/publications\/\",\"url\":\"https:\/\/lab.research.sickkids.ca\/maass\/publications\/\",\"name\":\"Publications - Maass Lab\",\"isPartOf\":{\"@id\":\"https:\/\/lab.research.sickkids.ca\/maass\/#website\"},\"datePublished\":\"2019-04-17T17:33:49+00:00\",\"dateModified\":\"2026-02-11T20:13:32+00:00\",\"breadcrumb\":{\"@id\":\"https:\/\/lab.research.sickkids.ca\/maass\/publications\/#breadcrumb\"},\"inLanguage\":\"en-US\",\"potentialAction\":[{\"@type\":\"ReadAction\",\"target\":[\"https:\/\/lab.research.sickkids.ca\/maass\/publications\/\"]}]},{\"@type\":\"BreadcrumbList\",\"@id\":\"https:\/\/lab.research.sickkids.ca\/maass\/publications\/#breadcrumb\",\"itemListElement\":[{\"@type\":\"ListItem\",\"position\":1,\"name\":\"Home\",\"item\":\"https:\/\/lab.research.sickkids.ca\/maass\/\"},{\"@type\":\"ListItem\",\"position\":2,\"name\":\"Publications\"}]},{\"@type\":\"WebSite\",\"@id\":\"https:\/\/lab.research.sickkids.ca\/maass\/#website\",\"url\":\"https:\/\/lab.research.sickkids.ca\/maass\/\",\"name\":\"Maass Lab\",\"description\":\"Just another RIT Labs Sites site\",\"potentialAction\":[{\"@type\":\"SearchAction\",\"target\":{\"@type\":\"EntryPoint\",\"urlTemplate\":\"https:\/\/lab.research.sickkids.ca\/maass\/?s={search_term_string}\"},\"query-input\":{\"@type\":\"PropertyValueSpecification\",\"valueRequired\":true,\"valueName\":\"search_term_string\"}}],\"inLanguage\":\"en-US\"}]}<\/script>\n<!-- \/ Yoast SEO Premium plugin. -->","yoast_head_json":{"title":"Publications - Maass Lab","robots":{"index":"index","follow":"follow","max-snippet":"max-snippet:-1","max-image-preview":"max-image-preview:large","max-video-preview":"max-video-preview:-1"},"canonical":"https:\/\/lab.research.sickkids.ca\/maass\/publications\/","og_locale":"en_US","og_type":"article","og_title":"Publications","og_description":"[vc_row][vc_column][vc_empty_space][\/vc_column][\/vc_row][vc_row][vc_column width=&#8221;1\/6&#8243;][\/vc_column][vc_column width=&#8221;1\/6&#8243;][vc_btn title=&#8221;PubMed&#8221; style=&#8221;flat&#8221; shape=&#8221;square&#8221; color=&#8221;primary&#8221; align=&#8221;center&#8221; button_block=&#8221;true&#8221; link=&#8221;url:https%3A%2F%2Fwww.ncbi.nlm.nih.gov%2Fpubmed%2F%3Fterm%3DMaass%2BPG|title:PubMed|target:%20_blank&#8221;][\/vc_column][vc_column width=&#8221;1\/6&#8243;][vc_btn title=&#8221;Google Scholar&#8221; style=&#8221;flat&#8221; shape=&#8221;square&#8221; color=&#8221;primary&#8221; align=&#8221;center&#8221; button_block=&#8221;true&#8221; link=&#8221;url:https%3A%2F%2Fscholar.google.com%2Fcitations%3Fuser%3DwU-EVN0AAAAJ%26hl%3Den|title:Google%20Scholar|target:%20_blank&#8221;][\/vc_column][vc_column width=&#8221;1\/6&#8243;][vc_btn title=&#8221;Research Gate&#8221; style=&#8221;flat&#8221; shape=&#8221;square&#8221; color=&#8221;primary&#8221; align=&#8221;center&#8221; button_block=&#8221;true&#8221; link=&#8221;url:https%3A%2F%2Fwww.researchgate.net%2Fprofile%2FPhilipp_Maass3|title:Research%20Gate|target:%20_blank&#8221;][\/vc_column][vc_column width=&#8221;1\/6&#8243;][\/vc_column][\/vc_row][vc_row][vc_column][vc_empty_space][\/vc_column][\/vc_row][vc_row][vc_column][vc_column_text css_animation=&#8221;fadeIn&#8221;] Selected Publications LncRNA CISTR-ACT regulates cell size in human and mouse by guiding FOSL2 Kiriakopulos K, Soleimanpour K, McMurray BJ, Moke BI, Chalmers JJ, Mokhtaridoost&hellip;","og_url":"https:\/\/lab.research.sickkids.ca\/maass\/publications\/","og_site_name":"Maass Lab","article_modified_time":"2026-02-11T20:13:32+00:00","twitter_card":"summary_large_image","twitter_misc":{"Est. reading time":"3 minutes"},"schema":{"@context":"https:\/\/schema.org","@graph":[{"@type":"WebPage","@id":"https:\/\/lab.research.sickkids.ca\/maass\/publications\/","url":"https:\/\/lab.research.sickkids.ca\/maass\/publications\/","name":"Publications - Maass Lab","isPartOf":{"@id":"https:\/\/lab.research.sickkids.ca\/maass\/#website"},"datePublished":"2019-04-17T17:33:49+00:00","dateModified":"2026-02-11T20:13:32+00:00","breadcrumb":{"@id":"https:\/\/lab.research.sickkids.ca\/maass\/publications\/#breadcrumb"},"inLanguage":"en-US","potentialAction":[{"@type":"ReadAction","target":["https:\/\/lab.research.sickkids.ca\/maass\/publications\/"]}]},{"@type":"BreadcrumbList","@id":"https:\/\/lab.research.sickkids.ca\/maass\/publications\/#breadcrumb","itemListElement":[{"@type":"ListItem","position":1,"name":"Home","item":"https:\/\/lab.research.sickkids.ca\/maass\/"},{"@type":"ListItem","position":2,"name":"Publications"}]},{"@type":"WebSite","@id":"https:\/\/lab.research.sickkids.ca\/maass\/#website","url":"https:\/\/lab.research.sickkids.ca\/maass\/","name":"Maass Lab","description":"Just another RIT Labs Sites site","potentialAction":[{"@type":"SearchAction","target":{"@type":"EntryPoint","urlTemplate":"https:\/\/lab.research.sickkids.ca\/maass\/?s={search_term_string}"},"query-input":{"@type":"PropertyValueSpecification","valueRequired":true,"valueName":"search_term_string"}}],"inLanguage":"en-US"}]}},"_links":{"self":[{"href":"https:\/\/lab.research.sickkids.ca\/maass\/wp-json\/wp\/v2\/pages\/39","targetHints":{"allow":["GET"]}}],"collection":[{"href":"https:\/\/lab.research.sickkids.ca\/maass\/wp-json\/wp\/v2\/pages"}],"about":[{"href":"https:\/\/lab.research.sickkids.ca\/maass\/wp-json\/wp\/v2\/types\/page"}],"author":[{"embeddable":true,"href":"https:\/\/lab.research.sickkids.ca\/maass\/wp-json\/wp\/v2\/users\/2"}],"replies":[{"embeddable":true,"href":"https:\/\/lab.research.sickkids.ca\/maass\/wp-json\/wp\/v2\/comments?post=39"}],"version-history":[{"count":16,"href":"https:\/\/lab.research.sickkids.ca\/maass\/wp-json\/wp\/v2\/pages\/39\/revisions"}],"predecessor-version":[{"id":508,"href":"https:\/\/lab.research.sickkids.ca\/maass\/wp-json\/wp\/v2\/pages\/39\/revisions\/508"}],"wp:attachment":[{"href":"https:\/\/lab.research.sickkids.ca\/maass\/wp-json\/wp\/v2\/media?parent=39"}],"curies":[{"name":"wp","href":"https:\/\/api.w.org\/{rel}","templated":true}]}}