{"id":823,"date":"2023-03-07T22:11:20","date_gmt":"2023-03-07T22:11:20","guid":{"rendered":"https:\/\/lab.research.sickkids.ca\/cohen\/?page_id=823"},"modified":"2025-04-10T15:55:40","modified_gmt":"2025-04-10T15:55:40","slug":"research","status":"publish","type":"page","link":"https:\/\/lab.research.sickkids.ca\/cohen\/research\/","title":{"rendered":"Research"},"content":{"rendered":"<div class=\"fusion-fullwidth fullwidth-box fusion-builder-row-1 fusion-flex-container has-pattern-background has-mask-background nonhundred-percent-fullwidth non-hundred-percent-height-scrolling\" style=\"--awb-border-radius-top-left:0px;--awb-border-radius-top-right:0px;--awb-border-radius-bottom-right:0px;--awb-border-radius-bottom-left:0px;--awb-margin-top:50px;--awb-margin-bottom:50px;--awb-flex-wrap:wrap;\" ><div class=\"fusion-builder-row fusion-row fusion-flex-align-items-flex-start fusion-flex-content-wrap\" style=\"max-width:1216.8px;margin-left: calc(-4% \/ 2 );margin-right: calc(-4% \/ 2 );\"><div class=\"fusion-layout-column fusion_builder_column fusion-builder-column-0 fusion_builder_column_1_1 1_1 fusion-flex-column\" style=\"--awb-bg-size:cover;--awb-width-large:100%;--awb-margin-top-large:0px;--awb-spacing-right-large:1.92%;--awb-margin-bottom-large:0px;--awb-spacing-left-large:1.92%;--awb-width-medium:100%;--awb-order-medium:0;--awb-spacing-right-medium:1.92%;--awb-spacing-left-medium:1.92%;--awb-width-small:100%;--awb-order-small:0;--awb-spacing-right-small:1.92%;--awb-spacing-left-small:1.92%;\"><div class=\"fusion-column-wrapper fusion-column-has-shadow fusion-flex-justify-content-flex-start fusion-content-layout-column\"><div class=\"fusion-title title fusion-title-1 fusion-sep-none fusion-title-text fusion-title-size-two\"><h2 class=\"fusion-title-heading title-heading-left fusion-responsive-typography-calculated\" style=\"margin:0;--fontSize:36;line-height:1.3;\">Current research projects<\/h2><\/div><div class=\"fusion-text fusion-text-1\"><p>To view a full list of publications, visit our <a href=\"https:\/\/scholar.google.ca\/citations?user=1y4rWb8AAAAJ&amp;hl=en\" target=\"_blank\" rel=\"noopener\">Google Scholar<\/a>.<\/p>\n<\/div><div class=\"fusion-content-boxes content-boxes columns row fusion-columns-1 fusion-columns-total-4 fusion-content-boxes-1 content-boxes-icon-with-title content-left\" style=\"--awb-hover-accent-color:var(--awb-custom_color_9);--awb-circle-hover-accent-color:var(--awb-custom_color_9);--awb-item-margin-bottom:40px;\" data-animationOffset=\"top-into-view\"><div style=\"--awb-backgroundcolor:var(--awb-custom_color_2);\" class=\"fusion-column content-box-column content-box-column content-box-column-1 col-lg-12 col-md-12 col-sm-12 fusion-content-box-hover content-box-column-last-in-row\"><div class=\"col content-box-wrapper content-wrapper-background link-area-link-icon content-icon-wrapper-yes icon-hover-animation-fade\" data-animationOffset=\"top-into-view\"><div class=\"heading heading-with-icon icon-left\"><div class=\"icon\"><span style=\"height:42px;width:42px;line-height:22px;border-color:var(--awb-custom_color_2);border-width:1px;border-style:solid;background-color:var(--awb-custom_color_9);box-sizing:content-box;border-radius:50%;\"><i style=\"border-color:var(--awb-custom_color_9);border-width:1px;background-color:var(--awb-custom_color_9);box-sizing:content-box;height:40px;width:40px;line-height:40px;border-radius:50%;position:relative;top:auto;left:auto;margin:0;border-radius:50%;font-size:20px;\" aria-hidden=\"true\" class=\"fontawesome-icon fa-random fas circle-yes\"><\/i><\/span><\/div><h3 class=\"content-box-heading fusion-responsive-typography-calculated\" style=\"--h3_typography-font-size:24px;--fontSize:24;line-height:1.4;\">Promoting Intensive Transitions for Children and Youth with Medical Complexity from Pediatric to Adult Care<\/h3><\/div><div class=\"fusion-clearfix\"><\/div><div class=\"content-container\">\n<p>Medical advances have allowed many more Children and youth with medical complexity (CMC) to survive well into adulthood. However, this has not been matched with increases in availability of supports as they transition into the adult care system. The study aim of PITCare is to assess whether intensive transition support led by an advance practice nurse during transition to adult care for 2 years will improve continuity of care, compared to usual care in CMC. The youth will be randomized to either receive intensive transition support until approximately age 19.5 or usual care until age 18. Other outcomes related to the youth\/family experience, health outcomes and the value of the intervention are being assessed quantitatively and qualitatively.<\/p>\n<h4>Publications:<\/h4>\n<p>Santos, S., Thomson, D., Diaz, S., Soscia, J., Adams, S., Amin, R., Bernstein, S., Blais, B., Bruno, N., Colapinto, K., Espin, S., Fayed, N., Greenaway, J., Henze, M., Ivers, N. M., LeGrow, K., Lim, A., Lippett, R., Lunsky, Y., Macarthur, C., \u2026 Cohen, E. (2024).\u00a0<a href=\"https:\/\/bmjopen.bmj.com\/content\/14\/12\/e086088\" target=\"_blank\" rel=\"noopener noreferrer\">Promoting Intensive Transitions for Children and Youth with Medical Complexity from Paediatric to Adult Care: the PITCare study-protocol for a randomised controlled trial<\/a>. BMJ open, 14(12), e086088.<\/p>\n<\/div><\/div><\/div><div style=\"--awb-backgroundcolor:var(--awb-custom_color_2);\" class=\"fusion-column content-box-column content-box-column content-box-column-2 col-lg-12 col-md-12 col-sm-12 fusion-content-box-hover content-box-column-last-in-row\"><div class=\"col content-box-wrapper content-wrapper-background link-area-link-icon content-icon-wrapper-yes icon-hover-animation-fade\" data-animationOffset=\"top-into-view\"><div class=\"heading heading-with-icon icon-left\"><div class=\"icon\"><span style=\"height:42px;width:42px;line-height:22px;border-color:var(--awb-custom_color_2);border-width:1px;border-style:solid;background-color:var(--awb-custom_color_9);box-sizing:content-box;border-radius:50%;\"><i style=\"border-color:var(--awb-custom_color_9);border-width:1px;background-color:var(--awb-custom_color_9);box-sizing:content-box;height:40px;width:40px;line-height:40px;border-radius:50%;position:relative;top:auto;left:auto;margin:0;border-radius:50%;font-size:20px;\" aria-hidden=\"true\" class=\"fontawesome-icon fa-people-arrows fas circle-yes\"><\/i><\/span><\/div><h3 class=\"content-box-heading fusion-responsive-typography-calculated\" style=\"--h3_typography-font-size:24px;--fontSize:24;line-height:1.4;\">The health and financial burden outcomes of unpaid family caregivers: An analysis of the Caring in Canada Survey<\/h3><\/div><div class=\"fusion-clearfix\"><\/div><div class=\"content-container\">Unpaid caregivers are family members, friends or others who provide support for individuals who need care due to physical, cognitive, intellectual or developmental disabilities\u037e medical conditions\u037e mental illness\u037e or needs related to aging. The \u2018Caring in Canada\u2019 national caregiving survey was carried out to better understand Canada&#8217;s caregiving landscape and its effects on caregivers, including time spent on caregiving, relationships between caregivers and care recipients, caregiver well\u00adbeing and supports for caregivers. Understanding the predictors of poor health and financial burden among caregivers will help target at\u00ad risk caregivers with necessary supports to improve their outcomes, and consequently those of their care recipients.<\/div><\/div><\/div><div style=\"--awb-backgroundcolor:var(--awb-custom_color_2);\" class=\"fusion-column content-box-column content-box-column content-box-column-3 col-lg-12 col-md-12 col-sm-12 fusion-content-box-hover content-box-column-last-in-row\"><div class=\"col content-box-wrapper content-wrapper-background link-area-link-icon content-icon-wrapper-yes icon-hover-animation-fade\" data-animationOffset=\"top-into-view\"><div class=\"heading heading-with-icon icon-left\"><div class=\"icon\"><span style=\"height:42px;width:42px;line-height:22px;border-color:var(--awb-custom_color_2);border-width:1px;border-style:solid;background-color:var(--awb-custom_color_9);box-sizing:content-box;border-radius:50%;\"><i style=\"border-color:var(--awb-custom_color_9);border-width:1px;background-color:var(--awb-custom_color_9);box-sizing:content-box;height:40px;width:40px;line-height:40px;border-radius:50%;position:relative;top:auto;left:auto;margin:0;border-radius:50%;font-size:20px;\" aria-hidden=\"true\" class=\"fontawesome-icon fa-baby fas circle-yes\"><\/i><\/span><\/div><h3 class=\"content-box-heading fusion-responsive-typography-calculated\" style=\"--h3_typography-font-size:24px;--fontSize:24;line-height:1.4;\">Health and subsequent pregnancy outcomes of mothers who experience infant adversity<\/h3><\/div><div class=\"fusion-clearfix\"><\/div><div class=\"content-container\">\n<p>Experiencing infant adversity (stillbirth, neonatal death, severe neonatal morbidity, major congenital anomaly, prematurity, and neurologic impairment) can be a lifechanging and stressful event affecting maternal health and subsequent pregnancies. These studies aim at exploring the effects of experiencing infant adversity on subsequent maternal health, mortality risk, health-care utilization, employment status and pregnancies.<\/p>\n<h4>Publications:<\/h4>\n<p>Belza, C., Szentk\u00fati, P., Horv\u00e1th-Puh\u00f3, E., Ray, J. G., Nelson, K. E., Grandi, S. M., Brown, H. K., S\u00f8rensen, H. T., &amp; Cohen, E. (2024). <a href=\"https:\/\/www.sciencedirect.com\/science\/article\/pii\/S0022347624001161?via%3Dihub\" target=\"_blank\" rel=\"noopener noreferrer\">Use of latent class analysis to predict intensive care unit admission and mortality in children with a major congenital anomaly.<\/a> The Journal of Pediatrics, 270, 114013.<\/p>\n<p>Cohen, E., Horv\u00e1th-Puh\u00f3, E., Ray, J. G., Pedersen, L., Adler, N., Ording, A. G., Wise, P. H., Milstein, A., &amp; Toft S\u00f8rensen, H. (2016). <a href=\"https:\/\/jamanetwork.com\/journals\/jama\/fullarticle\/2593570\" target=\"_blank\" rel=\"noopener\">Association between the birth of an infant with major congenital anomalies and subsequent risk of mortality in their mothers<\/a>. JAMA, 316(23), 2515.<\/p>\n<p>Cohen, E., Horv\u00e1th-Puh\u00f3, E., Ray, J. G., Pedersen, L., Ehrenstein, V., Adler, N., Vigod, S., Milstein, A., &amp; S\u00f8rensen, H. T. (2018). <a href=\"https:\/\/doi.org\/10.1001\/jamanetworkopen.2018.2320\" target=\"_blank\" rel=\"noopener noreferrer\">Cardiovascular disease among women who gave birth to an infant with a major congenital anomaly<\/a>. JAMA Network Open, 1(5).<\/p>\n<p>Cohen, E., Szentk\u00fati, P., Horv\u00e1th-Puh\u00f3, E., Brown, H. K., Grandi, S. M., S\u00f8rensen, H. T., &amp; Ray, J. G. (2022). <a href=\"https:\/\/doi.org\/10.2147\/clep.s352889\" target=\"_blank\" rel=\"noopener noreferrer\">Interpregnancy weight change among mothers of a child with a major congenital anomaly: A Danish nationwide Cohort Study<\/a>. Clinical Epidemiology, Volume 14, 425\u2013436.<\/p>\n<p>Fuller, A. E., Horv\u00e1th-Puh\u00f3, E., Ray, J. G., Ehrenstein, V., S\u00f8rensen, H. T., &amp; Cohen, E. (2021). <a href=\"https:\/\/doi.org\/10.1542\/peds.2020-028571\" target=\"_blank\" rel=\"noopener noreferrer\">Mortality among parents of children with major congenital anomalies<\/a>. Pediatrics, 147(5).<\/p>\n<p>Kim, K. M., Farkas, D. K., Wong, V., Hjorth, C. F., Horv\u00e1th-Puh\u00f3, E., Cahan, E., Cohen, E., Shah, N. R., S\u00f8rensen, H. T., &amp; Milstein, A. (2024). <a href=\"https:\/\/doi.org\/10.1186\/s12889-024-18190-w\" target=\"_blank\" rel=\"noopener noreferrer\">Association between maternal employment status and presence of children with major congenital anomalies in Denmark. BMC Public Health<\/a>, 24(1).<\/p>\n<p>Rotberg, B., Horv\u00e1th\u2010Puh\u00f3, E., Vigod, S., Ray, J. G., S\u00f8rensen, H. T., &amp; Cohen, E. (2020). <a href=\"https:\/\/doi.org\/10.1111\/acps.13181\" target=\"_blank\" rel=\"noopener noreferrer\">Increased maternal new\u2010onset psychiatric disorders after delivering a child with a major anomaly: A cohort study.<\/a> Acta Psychiatrica Scandinavica, 142(4), 264\u2013274.<\/p>\n<\/div><\/div><\/div><div style=\"--awb-backgroundcolor:var(--awb-custom_color_2);\" class=\"fusion-column content-box-column content-box-column content-box-column-4 col-lg-12 col-md-12 col-sm-12 fusion-content-box-hover content-box-column-last content-box-column-last-in-row\"><div class=\"col content-box-wrapper content-wrapper-background link-area-link-icon content-icon-wrapper-yes icon-hover-animation-fade\" data-animationOffset=\"top-into-view\"><div class=\"heading heading-with-icon icon-left\"><div class=\"icon\"><span style=\"height:42px;width:42px;line-height:22px;border-color:var(--awb-custom_color_2);border-width:1px;border-style:solid;background-color:var(--awb-custom_color_9);box-sizing:content-box;border-radius:50%;\"><i style=\"border-color:var(--awb-custom_color_9);border-width:1px;background-color:var(--awb-custom_color_9);box-sizing:content-box;height:40px;width:40px;line-height:40px;border-radius:50%;position:relative;top:auto;left:auto;margin:0;border-radius:50%;font-size:20px;\" aria-hidden=\"true\" class=\"fontawesome-icon fa-ruler fas circle-yes\"><\/i><\/span><\/div><h3 class=\"content-box-heading fusion-responsive-typography-calculated\" style=\"--h3_typography-font-size:24px;--fontSize:24;line-height:1.4;\">Developing patient-reported outcome measures of feeding performance and satisfaction with medical devices for children with complex care needs<\/h3><\/div><div class=\"fusion-clearfix\"><\/div><div class=\"content-container\">\n<p>Our team conducted a study as part of the CCKO Provincial Strategy, involving qualitative interviews with parents of children with medical complexity. The study explores \u2018feeding performance\u2019 and \u2018satisfaction with assistive technology and medical devices\u2019 in these children. Insights from these interviews will inform the development of questionnaires on \u2018feeding\u2019 and the use of medical devices.<\/p>\n<\/div><\/div><\/div><div class=\"fusion-clearfix\"><\/div><\/div><div class=\"fusion-content-boxes content-boxes columns row fusion-columns-1 fusion-columns-total-0 fusion-content-boxes-2 content-boxes-icon-with-title content-left\" style=\"--awb-hover-accent-color:var(--awb-custom_color_9);--awb-circle-hover-accent-color:var(--awb-custom_color_9);--awb-item-margin-bottom:40px;\" data-animationOffset=\"top-into-view\"><div class=\"fusion-clearfix\"><\/div><\/div><div class=\"fusion-content-boxes content-boxes columns row fusion-columns-1 fusion-columns-total-0 fusion-content-boxes-3 content-boxes-icon-with-title content-left\" style=\"--awb-hover-accent-color:var(--awb-custom_color_9);--awb-circle-hover-accent-color:var(--awb-custom_color_9);--awb-item-margin-bottom:40px;\" data-animationOffset=\"top-into-view\"><div class=\"fusion-clearfix\"><\/div><\/div><\/div><\/div><\/div><\/div>\n","protected":false},"excerpt":{"rendered":"","protected":false},"author":363,"featured_media":0,"parent":0,"menu_order":0,"comment_status":"closed","ping_status":"closed","template":"100-width.php","meta":{"footnotes":""},"class_list":["post-823","page","type-page","status-publish","hentry"],"yoast_head":"<!-- This site is optimized with the Yoast SEO Premium plugin v27.0 (Yoast SEO v27.0) - https:\/\/yoast.com\/product\/yoast-seo-premium-wordpress\/ -->\n<title>Research - Cohen Lab<\/title>\n<meta name=\"robots\" content=\"index, follow, max-snippet:-1, max-image-preview:large, max-video-preview:-1\" \/>\n<link rel=\"canonical\" href=\"https:\/\/lab.research.sickkids.ca\/cohen\/research\/\" \/>\n<meta property=\"og:locale\" content=\"en_US\" \/>\n<meta property=\"og:type\" content=\"article\" \/>\n<meta property=\"og:title\" content=\"Research\" \/>\n<meta property=\"og:url\" content=\"https:\/\/lab.research.sickkids.ca\/cohen\/research\/\" \/>\n<meta property=\"og:site_name\" content=\"Cohen Lab\" \/>\n<meta property=\"article:modified_time\" content=\"2025-04-10T15:55:40+00:00\" \/>\n<meta name=\"twitter:card\" content=\"summary_large_image\" \/>\n<meta name=\"twitter:label1\" content=\"Est. reading time\" \/>\n\t<meta name=\"twitter:data1\" content=\"8 minutes\" \/>\n<script type=\"application\/ld+json\" class=\"yoast-schema-graph\">{\"@context\":\"https:\/\/schema.org\",\"@graph\":[{\"@type\":\"WebPage\",\"@id\":\"https:\/\/lab.research.sickkids.ca\/cohen\/research\/\",\"url\":\"https:\/\/lab.research.sickkids.ca\/cohen\/research\/\",\"name\":\"Research - Cohen Lab\",\"isPartOf\":{\"@id\":\"https:\/\/lab.research.sickkids.ca\/cohen\/#website\"},\"datePublished\":\"2023-03-07T22:11:20+00:00\",\"dateModified\":\"2025-04-10T15:55:40+00:00\",\"breadcrumb\":{\"@id\":\"https:\/\/lab.research.sickkids.ca\/cohen\/research\/#breadcrumb\"},\"inLanguage\":\"en-US\",\"potentialAction\":[{\"@type\":\"ReadAction\",\"target\":[\"https:\/\/lab.research.sickkids.ca\/cohen\/research\/\"]}]},{\"@type\":\"BreadcrumbList\",\"@id\":\"https:\/\/lab.research.sickkids.ca\/cohen\/research\/#breadcrumb\",\"itemListElement\":[{\"@type\":\"ListItem\",\"position\":1,\"name\":\"Home\",\"item\":\"https:\/\/lab.research.sickkids.ca\/cohen\/\"},{\"@type\":\"ListItem\",\"position\":2,\"name\":\"Research\"}]},{\"@type\":\"WebSite\",\"@id\":\"https:\/\/lab.research.sickkids.ca\/cohen\/#website\",\"url\":\"https:\/\/lab.research.sickkids.ca\/cohen\/\",\"name\":\"Cohen Lab\",\"description\":\"\",\"potentialAction\":[{\"@type\":\"SearchAction\",\"target\":{\"@type\":\"EntryPoint\",\"urlTemplate\":\"https:\/\/lab.research.sickkids.ca\/cohen\/?s={search_term_string}\"},\"query-input\":{\"@type\":\"PropertyValueSpecification\",\"valueRequired\":true,\"valueName\":\"search_term_string\"}}],\"inLanguage\":\"en-US\"}]}<\/script>\n<!-- \/ Yoast SEO Premium plugin. -->","yoast_head_json":{"title":"Research - Cohen Lab","robots":{"index":"index","follow":"follow","max-snippet":"max-snippet:-1","max-image-preview":"max-image-preview:large","max-video-preview":"max-video-preview:-1"},"canonical":"https:\/\/lab.research.sickkids.ca\/cohen\/research\/","og_locale":"en_US","og_type":"article","og_title":"Research","og_url":"https:\/\/lab.research.sickkids.ca\/cohen\/research\/","og_site_name":"Cohen Lab","article_modified_time":"2025-04-10T15:55:40+00:00","twitter_card":"summary_large_image","twitter_misc":{"Est. reading time":"8 minutes"},"schema":{"@context":"https:\/\/schema.org","@graph":[{"@type":"WebPage","@id":"https:\/\/lab.research.sickkids.ca\/cohen\/research\/","url":"https:\/\/lab.research.sickkids.ca\/cohen\/research\/","name":"Research - Cohen Lab","isPartOf":{"@id":"https:\/\/lab.research.sickkids.ca\/cohen\/#website"},"datePublished":"2023-03-07T22:11:20+00:00","dateModified":"2025-04-10T15:55:40+00:00","breadcrumb":{"@id":"https:\/\/lab.research.sickkids.ca\/cohen\/research\/#breadcrumb"},"inLanguage":"en-US","potentialAction":[{"@type":"ReadAction","target":["https:\/\/lab.research.sickkids.ca\/cohen\/research\/"]}]},{"@type":"BreadcrumbList","@id":"https:\/\/lab.research.sickkids.ca\/cohen\/research\/#breadcrumb","itemListElement":[{"@type":"ListItem","position":1,"name":"Home","item":"https:\/\/lab.research.sickkids.ca\/cohen\/"},{"@type":"ListItem","position":2,"name":"Research"}]},{"@type":"WebSite","@id":"https:\/\/lab.research.sickkids.ca\/cohen\/#website","url":"https:\/\/lab.research.sickkids.ca\/cohen\/","name":"Cohen Lab","description":"","potentialAction":[{"@type":"SearchAction","target":{"@type":"EntryPoint","urlTemplate":"https:\/\/lab.research.sickkids.ca\/cohen\/?s={search_term_string}"},"query-input":{"@type":"PropertyValueSpecification","valueRequired":true,"valueName":"search_term_string"}}],"inLanguage":"en-US"}]}},"_links":{"self":[{"href":"https:\/\/lab.research.sickkids.ca\/cohen\/wp-json\/wp\/v2\/pages\/823","targetHints":{"allow":["GET"]}}],"collection":[{"href":"https:\/\/lab.research.sickkids.ca\/cohen\/wp-json\/wp\/v2\/pages"}],"about":[{"href":"https:\/\/lab.research.sickkids.ca\/cohen\/wp-json\/wp\/v2\/types\/page"}],"author":[{"embeddable":true,"href":"https:\/\/lab.research.sickkids.ca\/cohen\/wp-json\/wp\/v2\/users\/363"}],"replies":[{"embeddable":true,"href":"https:\/\/lab.research.sickkids.ca\/cohen\/wp-json\/wp\/v2\/comments?post=823"}],"version-history":[{"count":0,"href":"https:\/\/lab.research.sickkids.ca\/cohen\/wp-json\/wp\/v2\/pages\/823\/revisions"}],"wp:attachment":[{"href":"https:\/\/lab.research.sickkids.ca\/cohen\/wp-json\/wp\/v2\/media?parent=823"}],"curies":[{"name":"wp","href":"https:\/\/api.w.org\/{rel}","templated":true}]}}